{"id":12820,"date":"2017-01-10T20:11:34","date_gmt":"2017-01-10T19:11:34","guid":{"rendered":"https:\/\/sinchem-europe.com\/?page_id=12820"},"modified":"2017-07-09T10:53:45","modified_gmt":"2017-07-09T08:53:45","slug":"technical-terms","status":"publish","type":"page","link":"https:\/\/sinchem-europe.com\/de\/technical-terms\/","title":{"rendered":"Technische Begriffe"},"content":{"rendered":"<p><div class=\"fusion-fullwidth fullwidth-box fusion-builder-row-3 nonhundred-percent-fullwidth non-hundred-percent-height-scrolling\" style=\"--awb-border-radius-top-left:0px;--awb-border-radius-top-right:0px;--awb-border-radius-bottom-right:0px;--awb-border-radius-bottom-left:0px;--awb-padding-top:20px;--awb-padding-bottom:20px;--awb-background-color:#78c4b1;--awb-flex-wrap:wrap;\" ><div class=\"fusion-builder-row fusion-row\"><div class=\"fusion-layout-column fusion_builder_column fusion-builder-column-4 fusion_builder_column_1_2 1_2 fusion-one-half fusion-column-first fusion-animated\" style=\"--awb-bg-position:center top;--awb-bg-size:cover;width:50%;width:calc(50% - ( ( 4% ) * 0.5 ) );margin-right: 4%;\" data-animationType=\"fadeInLeft\" data-animationDuration=\"0.3\" data-animationOffset=\"top-into-view\"><div class=\"fusion-column-wrapper fusion-flex-column-wrapper-legacy\"><div class=\"fusion-column-content-centered\"><div class=\"fusion-column-content\"><div class=\"fusion-text fusion-text-9\"><ol>\n<li><b>Spezifische Oberfl\u00e4che : <\/b>Die ganze Oberfl\u00e4chenzone von 1 Gr. Siliziumdioxod, inbegriffen der innere und au\u00dfere Bereich der Mikroporen. Messeinheit : m2\/g.<\/li>\n<li><b>Porenvolum: <\/b>Innenraumvolumen der Poren von 1 g. Siliziumdioxid. Messeinheit : ml\/g<\/li>\n<li><b>Porendurchmesser: <\/b>Der Innendurchmesser des Lochs. Einheit : \u00c5. Er wurde in PV, auf einem bestimmten Bereich berechnet. 1nm = 10 \u00c5.<\/li>\n<li><b>Absorption: <\/b>In einer bestimmten relativen Luftfeuchtigkeit, wie viel Gramm, Kiesels\u00e4ure, Dampf aufnehmen kann, bis zur S\u00e4ttigung. Einheit : %<\/li>\n<li><b>Rohdichte\u00a0: <\/b>Das Gewicht des Kieselgel geteilt durch das Volumen. Einheit : g\/L.<\/li>\n<li><b>pH <\/b><\/li>\n<li><b>Spezifischer Widerstand : <\/b>Widerstand der L\u00f6sung in 1cm. Reinheitsgrad des Kieselgels. Ein h\u00f6heren spezifischer Widerstand, eine h\u00f6here Reinheit. Einheit : \u03a9.cm<\/li>\n<li><b>Geruchskontrollfunktion. <\/b><\/li>\n<\/ol>\n<\/div><div class=\"fusion-sep-clear\"><\/div><div class=\"fusion-separator fusion-full-width-sep\" style=\"margin-left: auto;margin-right: auto;margin-top:20px;margin-bottom:20px;width:100%;\"><\/div><div class=\"fusion-sep-clear\"><\/div><div class=\"fusion-sep-clear\"><\/div><div class=\"fusion-separator fusion-full-width-sep\" style=\"margin-left: auto;margin-right: auto;margin-top:50px;width:100%;\"><div class=\"fusion-separator-border sep-single sep-solid\" style=\"--awb-height:20px;--awb-amount:20px;border-color:#e0dede;border-top-width:1px;\"><\/div><\/div><div class=\"fusion-sep-clear\"><\/div><div class=\"fusion-text fusion-text-10\"><h1 style=\"text-align: center;\">Diagramm Absorptions-Typ Kieselgel<\/h1>\n<p><img decoding=\"async\" class=\"size-full wp-image-13001 aligncenter\" src=\"https:\/\/sinchem-europe.com\/wp-content\/uploads\/2017\/01\/ABC.png\" alt=\"ABC\" width=\"555\" height=\"450\" srcset=\"https:\/\/sinchem-europe.com\/wp-content\/uploads\/2017\/01\/ABC-200x162.png 200w, https:\/\/sinchem-europe.com\/wp-content\/uploads\/2017\/01\/ABC-300x243.png 300w, https:\/\/sinchem-europe.com\/wp-content\/uploads\/2017\/01\/ABC-400x324.png 400w, https:\/\/sinchem-europe.com\/wp-content\/uploads\/2017\/01\/ABC.png 555w\" sizes=\"(max-width: 555px) 100vw, 555px\" \/><\/p>\n<\/div><\/div><\/div><div class=\"fusion-clearfix\"><\/div><\/div><\/div><div class=\"fusion-layout-column fusion_builder_column fusion-builder-column-5 fusion_builder_column_1_2 1_2 fusion-one-half fusion-column-last\" style=\"--awb-bg-size:cover;width:50%;width:calc(50% - ( ( 4% ) * 0.5 ) );\"><div class=\"fusion-column-wrapper fusion-flex-column-wrapper-legacy\"><div class=\"fusion-text fusion-text-11\"><p><img decoding=\"async\" class=\"alignnone size-full wp-image-12991\" src=\"https:\/\/sinchem-europe.com\/wp-content\/uploads\/2017\/01\/shutterstock_410043964-e1485321740921.jpg\" alt=\"shutterstock_410043964\" width=\"1200\" height=\"800\" \/><\/p>\n<\/div><div class=\"fusion-sep-clear\"><\/div><div class=\"fusion-separator fusion-full-width-sep\" style=\"margin-left: auto;margin-right: auto;margin-top:70px;margin-bottom:70px;width:100%;\"><\/div><div class=\"fusion-sep-clear\"><\/div><div class=\"fusion-text fusion-text-12\"><ul>\n<li>\n<h3>Typ B und C Kieselgele (Cat Wurf) haben eine Kapazit\u00e4t von Absorption niedriger Luftfeuchtigkeit von weniger als 65% im Vergleich zum Typ A.<\/h3>\n<\/li>\n<li>\n<h3>Der Typ C Kieselgel (Cat Litter) hat eine Kapazit\u00e4t von Absorption in niedriger Luftfeuchtigkeit von weniger als 95% im Vergleich zu Typ B.<\/h3>\n<\/li>\n<li>\n<h3>Typ C Silikagel hat eine hohe Absorptionskapazit\u00e4t in Umgebung mit hoher Feuchtigkeit von mehr als 95% im Vergleich A und B zu geben.<\/h3>\n<\/li>\n<\/ul>\n<\/div><div class=\"fusion-clearfix\"><\/div><\/div><\/div><\/div><\/div><\/p>","protected":false},"excerpt":{"rendered":"","protected":false},"author":1,"featured_media":0,"parent":0,"menu_order":0,"comment_status":"closed","ping_status":"closed","template":"","meta":{"footnotes":""},"aioseo_notices":[],"_links":{"self":[{"href":"https:\/\/sinchem-europe.com\/de\/wp-json\/wp\/v2\/pages\/12820"}],"collection":[{"href":"https:\/\/sinchem-europe.com\/de\/wp-json\/wp\/v2\/pages"}],"about":[{"href":"https:\/\/sinchem-europe.com\/de\/wp-json\/wp\/v2\/types\/page"}],"author":[{"embeddable":true,"href":"https:\/\/sinchem-europe.com\/de\/wp-json\/wp\/v2\/users\/1"}],"replies":[{"embeddable":true,"href":"https:\/\/sinchem-europe.com\/de\/wp-json\/wp\/v2\/comments?post=12820"}],"version-history":[{"count":0,"href":"https:\/\/sinchem-europe.com\/de\/wp-json\/wp\/v2\/pages\/12820\/revisions"}],"wp:attachment":[{"href":"https:\/\/sinchem-europe.com\/de\/wp-json\/wp\/v2\/media?parent=12820"}],"curies":[{"name":"wp","href":"https:\/\/api.w.org\/{rel}","templated":true}]}}