{"id":13571,"date":"2017-03-10T16:47:51","date_gmt":"2017-03-10T15:47:51","guid":{"rendered":"https:\/\/sinchem-europe.com\/?page_id=13571"},"modified":"2017-07-11T17:49:31","modified_gmt":"2017-07-11T15:49:31","slug":"silica-gel-for-industry","status":"publish","type":"page","link":"https:\/\/sinchem-europe.com\/de\/silica-gel-for-industry\/","title":{"rendered":"Kieselsaure Trockermittel f\u00fcr Industrie"},"content":{"rendered":"<p><div class=\"fusion-fullwidth fullwidth-box fusion-builder-row-3 nonhundred-percent-fullwidth non-hundred-percent-height-scrolling\" style=\"--awb-border-radius-top-left:0px;--awb-border-radius-top-right:0px;--awb-border-radius-bottom-right:0px;--awb-border-radius-bottom-left:0px;--awb-padding-top:20px;--awb-padding-bottom:20px;--awb-flex-wrap:wrap;\" ><div class=\"fusion-builder-row fusion-row\"><div class=\"fusion-layout-column fusion_builder_column fusion-builder-column-6 fusion_builder_column_1_3 1_3 fusion-one-third fusion-column-first\" style=\"--awb-bg-size:cover;width:33.333333333333%;width:calc(33.333333333333% - ( ( 4% + 4% ) * 0.33333333333333 ) );margin-right: 4%;\"><div class=\"fusion-column-wrapper fusion-flex-column-wrapper-legacy\"><div class=\"fusion-text fusion-text-11\"><h3 style=\"text-align: center;\"><span style=\"color: #ffffff;\"><span style=\"background-color: #78c4b1;\">\u00a0 \u00a0 \u00a0\u00a0<span style=\"color: #27357c;\">SISPOWER\u00ae<\/span>\u00a0 \u00a0 \u00a0 \u00a0<\/span><\/span><\/h3>\n<h4 style=\"text-align: center;\"><span style=\"color: #78c4b1;\">Adsorption-Kieselgel durch Druckumkehr PSA (Druckwechsel-adsorptionsverfahren)<\/span><\/h4>\n<p>Der PSA kann einige Gase besser als andere Gase adsorbieren. Das leicht adsorbierte Gas, ist dann im PSA-Kieselgel fest, und kann von den anderen Gasen getrennt werden. Zur R\u00fcckf\u00fchrung des PSA, muss das adsorbierte Gas, desorbiert werden. Einer der Vorg\u00e4nge der Desorption besteht darin, den Druck zu senken, damit das beladene Adsorbens regeneriert werden kann. Da der Atmosph\u00e4rendruck in dem Absorber zyklisch \u00e4ndert, wird es PSA genannt.<\/p>\n<p>Der PSA-Kieselgel hat eine h\u00f6here spezifische Oberfl\u00e4che und einen h\u00f6heren durchschnittlichen Porendurchmesser als der Typ A.<\/p>\n<\/div><div class=\"fusion-clearfix\"><\/div><\/div><\/div><div class=\"fusion-layout-column fusion_builder_column fusion-builder-column-7 fusion_builder_column_1_3 1_3 fusion-one-third\" style=\"--awb-bg-size:cover;width:33.333333333333%;width:calc(33.333333333333% - ( ( 4% + 4% ) * 0.33333333333333 ) );margin-right: 4%;\"><div class=\"fusion-column-wrapper fusion-flex-column-wrapper-legacy\"><div class=\"fusion-text fusion-text-12\"><h3 style=\"text-align: center;\"><span style=\"color: #ffffff;\"><span style=\"background-color: #78c4b1;\">\u00a0 \u00a0 \u00a0\u00a0<span style=\"color: #27357c;\">SIS-FNG\u00ae<\/span>\u00a0 \u00a0 \u00a0 \u00a0<\/span><\/span><\/h3>\n<h4 style=\"text-align: center;\"><span style=\"color: #78c4b1;\">FNG &#8211; WASSERDICHTER KIESELGEL<\/span><\/h4>\n<p>Zwei Arten :<\/p>\n<p>Diese Art von Perlen, werden h\u00e4ufig als Katalysator verwendet, um zu trocknen, Kohlendioxid und Acetylen zu absorbieren, zu verhindern dass die Maschinen in der Gastrennung frieren und anhalten. Da es wasserdicht ist, wird es im Allgemeinen als Schutzs\u00e4ule verwendet um das Gas zu trocknen, bevor es in den Kieselgel Absorber eintritt. Das Kieselgel mit sehr engen Poren fraktioniert nicht, weil das enthaltene Wasser in dem Gas schon durch das wasserundurchl\u00e4ssige Kieselgel getrocknet wurde.<\/p>\n<p>Die k\u00f6rnige Art FNG kann verwendet werden, um das Wasser zu verfeinern. Es kann nach dem Waschen und Trocknen zur\u00fcckgef\u00fchrt werden. Es kann in Aquarien verwendet werden, um den Geruch von Fisch und Nitrit zu entfernen.<\/p>\n<\/div><div class=\"fusion-clearfix\"><\/div><\/div><\/div><div class=\"fusion-layout-column fusion_builder_column fusion-builder-column-8 fusion_builder_column_1_3 1_3 fusion-one-third fusion-column-last\" style=\"--awb-bg-color:#27357c;--awb-bg-color-hover:#27357c;--awb-bg-size:cover;width:33.333333333333%;width:calc(33.333333333333% - ( ( 4% + 4% ) * 0.33333333333333 ) );\"><div class=\"fusion-column-wrapper fusion-flex-column-wrapper-legacy\"><div class=\"fusion-sep-clear\"><\/div><div class=\"fusion-separator fusion-full-width-sep\" style=\"margin-left: auto;margin-right: auto;margin-top:10px;width:100%;\"><\/div><div class=\"fusion-sep-clear\"><\/div><div class=\"fusion-text fusion-text-13\"><h2 style=\"text-align: center;\"><span style=\"color: #78c4b1;\"><strong>KIESELS\u00c4URE TROCKENMITTEL<\/strong><\/span><\/h2>\n<p style=\"text-align: center;\"><span style=\"color: #ffffff;\">Kieselgel wird als<br \/>\n<\/span><br \/>\n<span style=\"color: #ffffff;\">Entfeuchtungsmittel<\/span><\/p>\n<p style=\"text-align: center;\"><span style=\"color: #ffffff;\">Adsorptionsmittel<\/span><\/p>\n<p style=\"text-align: center;\"><span style=\"color: #ffffff;\">Teil eines industriellen<\/span><br \/>\n<span style=\"color: #ffffff;\">Prozesses, eingesetzt<\/span><\/p>\n<\/div><div class=\"fusion-text fusion-text-14\"><h2 style=\"text-align: center;\"><span style=\"color: #78c4b1;\"><strong>FORMEN UND GR\u00d6\u00dfEN<\/strong><\/span><\/h2>\n<p style=\"text-align: center;\"><span style=\"color: #ffffff;\">PERLEN<\/span><\/p>\n<p style=\"text-align: center;\"><span style=\"color: #ffffff;\">von 0.5 bis 1.5 mm<\/span><br \/>\n<span style=\"color: #ffffff;\"> von 1 bis 3 mm<\/span><br \/>\n<span style=\"color: #ffffff;\"> von 2 bis 4 mm<\/span><br \/>\n<span style=\"color: #ffffff;\"> von 3 bis 5 mm<\/span><\/p>\n<p style=\"text-align: center;\"><span style=\"color: #ffffff;\">GEK\u00d6RNT<\/span><\/p>\n<p style=\"text-align: center;\"><span style=\"color: #ffffff;\">von 0.2 bis 1.0 mm<\/span><br \/>\n<span style=\"color: #ffffff;\">&lt; 0.3 mm<\/span><br \/>\n<span style=\"color: #ffffff;\">von 0.5 bis 1.5 mm<\/span><br \/>\n<span style=\"color: #ffffff;\">von 0.7 bis 1.4 mm<\/span><br \/>\n<span style=\"color: #ffffff;\">von 1 bis 3 mm<\/span><br \/>\n<span style=\"color: #ffffff;\">von 1 bis 6 mm<\/span><\/p>\n<\/div><div class=\"fusion-text fusion-text-15\"><h2 style=\"text-align: center;\"><span style=\"color: #78c4b1;\"><strong>FARBEN<\/strong><\/span><\/h2>\n<p style=\"text-align: center;\"><span style=\"color: #ffffff;\">Klarglas, Blau und Orange.<br \/>\n<\/span><\/p>\n<\/div><div class=\"fusion-clearfix\"><\/div><\/div><\/div><\/div><\/div><\/p>","protected":false},"excerpt":{"rendered":"","protected":false},"author":2,"featured_media":0,"parent":0,"menu_order":0,"comment_status":"closed","ping_status":"closed","template":"100-width.php","meta":{"footnotes":""},"aioseo_notices":[],"_links":{"self":[{"href":"https:\/\/sinchem-europe.com\/de\/wp-json\/wp\/v2\/pages\/13571"}],"collection":[{"href":"https:\/\/sinchem-europe.com\/de\/wp-json\/wp\/v2\/pages"}],"about":[{"href":"https:\/\/sinchem-europe.com\/de\/wp-json\/wp\/v2\/types\/page"}],"author":[{"embeddable":true,"href":"https:\/\/sinchem-europe.com\/de\/wp-json\/wp\/v2\/users\/2"}],"replies":[{"embeddable":true,"href":"https:\/\/sinchem-europe.com\/de\/wp-json\/wp\/v2\/comments?post=13571"}],"version-history":[{"count":0,"href":"https:\/\/sinchem-europe.com\/de\/wp-json\/wp\/v2\/pages\/13571\/revisions"}],"wp:attachment":[{"href":"https:\/\/sinchem-europe.com\/de\/wp-json\/wp\/v2\/media?parent=13571"}],"curies":[{"name":"wp","href":"https:\/\/api.w.org\/{rel}","templated":true}]}}