{"id":13576,"date":"2017-03-10T16:50:44","date_gmt":"2017-03-10T15:50:44","guid":{"rendered":"https:\/\/sinchem-europe.com\/?page_id=13576"},"modified":"2017-07-09T12:03:36","modified_gmt":"2017-07-09T10:03:36","slug":"sodium-silicate","status":"publish","type":"page","link":"https:\/\/sinchem-europe.com\/de\/sodium-silicate\/","title":{"rendered":"Natriumsilicate"},"content":{"rendered":"<p><div class=\"fusion-fullwidth fullwidth-box fusion-builder-row-3 nonhundred-percent-fullwidth non-hundred-percent-height-scrolling\" style=\"--awb-border-radius-top-left:0px;--awb-border-radius-top-right:0px;--awb-border-radius-bottom-right:0px;--awb-border-radius-bottom-left:0px;--awb-padding-top:0px;--awb-padding-bottom:20px;--awb-background-color:#78c4b1;--awb-flex-wrap:wrap;\" ><div class=\"fusion-builder-row fusion-row\"><div class=\"fusion-layout-column fusion_builder_column fusion-builder-column-2 fusion_builder_column_1_1 1_1 fusion-one-full fusion-column-first fusion-column-last\" style=\"--awb-padding-right:20px;--awb-bg-color:#78c4b1;--awb-bg-color-hover:#78c4b1;--awb-bg-size:cover;\"><div class=\"fusion-column-wrapper fusion-flex-column-wrapper-legacy\"><div class=\"fusion-builder-row fusion-builder-row-inner fusion-row\"><div class=\"fusion-layout-column fusion_builder_column_inner fusion-builder-nested-column-4 fusion_builder_column_inner_1_2 1_2 fusion-one-half fusion-column-first\" style=\"--awb-bg-size:cover;width:50%;width:calc(50% - ( ( 4% ) * 0.5 ) );margin-right: 4%;\"><div class=\"fusion-column-wrapper fusion-flex-column-wrapper-legacy\"><div class=\"fusion-text fusion-text-7\"><h3><strong>Natriumsilicate<\/strong> sind chemische Verbindungen aus der Gruppe der Natriumverbindungen und Silicate, die in mehreren molaren Verh\u00e4ltnissen vorkommen. Je nach Art der Herstellung und dem Reinheitsgrad sind sie mehr oder weniger hydratisiert oder l\u00f6slich. Daneben wird auch noch das Natriumsalz Na4SiO4 der Orthokiesels\u00e4ure Si(OH)4 als Natriumorthosilikat bezeichnet.<\/h3>\n<\/div><div class=\"fusion-clearfix\"><\/div><\/div><\/div><div class=\"fusion-layout-column fusion_builder_column_inner fusion-builder-nested-column-5 fusion_builder_column_inner_1_2 1_2 fusion-one-half fusion-column-last\" style=\"--awb-bg-size:cover;width:50%;width:calc(50% - ( ( 4% ) * 0.5 ) );\"><div class=\"fusion-column-wrapper fusion-flex-column-wrapper-legacy\"><div class=\"fusion-text fusion-text-8\"><h3><strong>Hauptanwendungen:<\/strong> Zement, passiver Brandschutz, Textil- und Holzverarbeitung, Feuerfest, Wasseraufbereitung, Lebensmittelkonservierung, Automobile, etc &#8230;<\/h3>\n<\/div><div class=\"fusion-clearfix\"><\/div><\/div><\/div><\/div><div class=\"fusion-text fusion-text-9\"><p><img decoding=\"async\" class=\"alignnone wp-image-13888\" src=\"https:\/\/sinchem-europe.com\/wp-content\/uploads\/2017\/03\/sodium-silicate.jpg\" alt=\"\" width=\"376\" height=\"250\" srcset=\"https:\/\/sinchem-europe.com\/wp-content\/uploads\/2017\/03\/sodium-silicate-200x133.jpg 200w, https:\/\/sinchem-europe.com\/wp-content\/uploads\/2017\/03\/sodium-silicate-300x200.jpg 300w, https:\/\/sinchem-europe.com\/wp-content\/uploads\/2017\/03\/sodium-silicate-400x266.jpg 400w, https:\/\/sinchem-europe.com\/wp-content\/uploads\/2017\/03\/sodium-silicate-600x399.jpg 600w, https:\/\/sinchem-europe.com\/wp-content\/uploads\/2017\/03\/sodium-silicate-768x511.jpg 768w, https:\/\/sinchem-europe.com\/wp-content\/uploads\/2017\/03\/sodium-silicate-800x532.jpg 800w, https:\/\/sinchem-europe.com\/wp-content\/uploads\/2017\/03\/sodium-silicate.jpg 1000w\" sizes=\"(max-width: 376px) 100vw, 376px\" \/>\u00a0 \u00a0 \u00a0 \u00a0<img decoding=\"async\" class=\"alignnone wp-image-13494 size-full\" src=\"https:\/\/sinchem-europe.com\/wp-content\/uploads\/2017\/02\/Mines08-e1487693038927.png\" alt=\"\" width=\"367\" height=\"250\" \/>\u00a0 \u00a0 \u00a0 \u00a0<img decoding=\"async\" class=\"alignnone wp-image-13597\" src=\"https:\/\/sinchem-europe.com\/wp-content\/uploads\/2017\/03\/Image2.png\" alt=\"\" width=\"274\" height=\"250\" srcset=\"https:\/\/sinchem-europe.com\/wp-content\/uploads\/2017\/03\/Image2-200x182.png 200w, https:\/\/sinchem-europe.com\/wp-content\/uploads\/2017\/03\/Image2.png 249w\" sizes=\"(max-width: 274px) 100vw, 274px\" \/><\/p>\n<\/div><div class=\"fusion-clearfix\"><\/div><\/div><\/div><\/div><\/div><\/p>","protected":false},"excerpt":{"rendered":"","protected":false},"author":2,"featured_media":0,"parent":0,"menu_order":0,"comment_status":"closed","ping_status":"closed","template":"100-width.php","meta":{"footnotes":""},"aioseo_notices":[],"_links":{"self":[{"href":"https:\/\/sinchem-europe.com\/de\/wp-json\/wp\/v2\/pages\/13576"}],"collection":[{"href":"https:\/\/sinchem-europe.com\/de\/wp-json\/wp\/v2\/pages"}],"about":[{"href":"https:\/\/sinchem-europe.com\/de\/wp-json\/wp\/v2\/types\/page"}],"author":[{"embeddable":true,"href":"https:\/\/sinchem-europe.com\/de\/wp-json\/wp\/v2\/users\/2"}],"replies":[{"embeddable":true,"href":"https:\/\/sinchem-europe.com\/de\/wp-json\/wp\/v2\/comments?post=13576"}],"version-history":[{"count":0,"href":"https:\/\/sinchem-europe.com\/de\/wp-json\/wp\/v2\/pages\/13576\/revisions"}],"wp:attachment":[{"href":"https:\/\/sinchem-europe.com\/de\/wp-json\/wp\/v2\/media?parent=13576"}],"curies":[{"name":"wp","href":"https:\/\/api.w.org\/{rel}","templated":true}]}}