{"id":13594,"date":"2017-03-10T17:24:32","date_gmt":"2017-03-10T16:24:32","guid":{"rendered":"https:\/\/sinchem-europe.com\/?page_id=13594"},"modified":"2017-07-11T17:54:06","modified_gmt":"2017-07-11T15:54:06","slug":"micronized-silicas-for-industry","status":"publish","type":"page","link":"https:\/\/sinchem-europe.com\/de\/micronized-silicas-for-industry\/","title":{"rendered":"Mikronisiertes Kieselgel"},"content":{"rendered":"<p><div class=\"fusion-fullwidth fullwidth-box fusion-builder-row-3 nonhundred-percent-fullwidth non-hundred-percent-height-scrolling\" style=\"--awb-border-radius-top-left:0px;--awb-border-radius-top-right:0px;--awb-border-radius-bottom-right:0px;--awb-border-radius-bottom-left:0px;--awb-padding-top:20px;--awb-padding-bottom:20px;--awb-flex-wrap:wrap;\" ><div class=\"fusion-builder-row fusion-row\"><div class=\"fusion-layout-column fusion_builder_column fusion-builder-column-7 fusion_builder_column_1_4 1_4 fusion-one-fourth fusion-column-first\" style=\"--awb-bg-size:cover;width:25%;width:calc(25% - ( ( 4% + 4% + 4% ) * 0.25 ) );margin-right: 4%;\"><div class=\"fusion-column-wrapper fusion-flex-column-wrapper-legacy\"><div class=\"fusion-text fusion-text-13\"><h3 style=\"text-align: center;\"><span style=\"color: #ffffff;\"><span style=\"background-color: #78c4b1;\">\u00a0 \u00a0 \u00a0\u00a0<span style=\"color: #27357c;\">SIS-MICRO\u00ae<\/span>\u00a0 \u00a0 \u00a0\u00a0<\/span><\/span><\/h3>\n<h4 style=\"text-align: center;\"><span style=\"color: #78c4b1;\">MIKRONISIERTES KIESELGEL<\/span><\/h4>\n<p>Mikronisiertes Kieselgel ist ein synthetisches Siliziumdioxidpulver, amorph, por\u00f6s und S\u00e4ure-Base, von ca. 2 Mikron bis 20 Mikron.<\/p>\n<p>Mikronisierte Kiesels\u00e4ure-Produkte bieten Konstrukteure, und Anwender, ausgezeichneten Eigenschaften der Feststoffe, um die Leistungsanforderungen zu erf\u00fcllen.<\/p>\n<p>Mikronisiertes Kieselgel wird nach strengen Standards und Normen hergestellt. ( Reinheit, Einheitlichkeit und Qualit\u00e4t).<\/p>\n<p><strong>Porenvolumen<\/strong>:<br \/>\no.4 bis 2.5 cc\/g<br \/>\n<strong>Oberfl\u00e4che<\/strong>:<br \/>\n200 bis 800 M2\/g<br \/>\n<strong>\u00f6labsorption<\/strong>:<br \/>\n90 bis 400 cc\/100g<br \/>\n<strong>Oberfl\u00e4chenbehandlung<\/strong>:<br \/>\norganisch und anorganisch<\/p>\n<\/div><div class=\"fusion-clearfix\"><\/div><\/div><\/div><div class=\"fusion-layout-column fusion_builder_column fusion-builder-column-8 fusion_builder_column_1_4 1_4 fusion-one-fourth\" style=\"--awb-bg-size:cover;width:25%;width:calc(25% - ( ( 4% + 4% + 4% ) * 0.25 ) );margin-right: 4%;\"><div class=\"fusion-column-wrapper fusion-flex-column-wrapper-legacy\"><div class=\"fusion-text fusion-text-14\"><h3 style=\"text-align: center;\"><span style=\"color: #ffffff;\"><span style=\"background-color: #78c4b1;\">\u00a0 \u00a0 \u00a0\u00a0<span style=\"color: #27357c;\">SIS-CX\u00ae<\/span>\u00a0 \u00a0 \u00a0 \u00a0<\/span><\/span><\/h3>\n<h4 style=\"text-align: center;\"><span style=\"color: #78c4b1;\">KIESELGELS\u00c4ULEN-<br \/>\nCHROMATOGRAPHIE<\/span><\/h4>\n<div class=\"fusion-image-element fusion-image-align-center in-legacy-container\" style=\"text-align:center;--awb-caption-title-font-family:var(--h2_typography-font-family);--awb-caption-title-font-weight:var(--h2_typography-font-weight);--awb-caption-title-font-style:var(--h2_typography-font-style);--awb-caption-title-size:var(--h2_typography-font-size);--awb-caption-title-transform:var(--h2_typography-text-transform);--awb-caption-title-line-height:var(--h2_typography-line-height);--awb-caption-title-letter-spacing:var(--h2_typography-letter-spacing);\"><div class=\"imageframe-align-center\"><span class=\" fusion-imageframe imageframe-none imageframe-3 hover-type-zoomin\"><img decoding=\"async\" width=\"261\" height=\"197\" title=\"chromato2\" src=\"http:\/\/sinchem-europe.com\/wp-content\/uploads\/2014\/11\/Chromato2.jpg\" alt class=\"img-responsive wp-image-12349\" srcset=\"https:\/\/sinchem-europe.com\/wp-content\/uploads\/2014\/11\/Chromato2-200x151.jpg 200w, https:\/\/sinchem-europe.com\/wp-content\/uploads\/2014\/11\/Chromato2.jpg 261w\" sizes=\"(max-width: 800px) 100vw, 261px\" \/><\/span><\/div><\/div>\n<p>Kieselgels\u00e4ulen-<br \/>\nchromatographie auch pr\u00e4parative Chromatographie genannt. Praktische Anwendung von diesem chromatographische Trennverfahren, findet man in der Produktion zur Isolierung oder Reinigung von synthetischen, chemischen und bioaktiven Stoffen, um hochreine Substanzen durch Absorption zu erhalten.<\/p>\n<p>D\u00fcnnschichtchromatographie und Kieselgel-Chromatographieplatte.<\/p>\n<\/div><div class=\"fusion-clearfix\"><\/div><\/div><\/div><div class=\"fusion-layout-column fusion_builder_column fusion-builder-column-9 fusion_builder_column_1_4 1_4 fusion-one-fourth\" style=\"--awb-bg-size:cover;width:25%;width:calc(25% - ( ( 4% + 4% + 4% ) * 0.25 ) );margin-right: 4%;\"><div class=\"fusion-column-wrapper fusion-flex-column-wrapper-legacy\"><div class=\"fusion-text fusion-text-15\"><h3 style=\"text-align: center;\"><span style=\"color: #ffffff;\"><span style=\"background-color: #78c4b1;\">\u00a0 \u00a0 \u00a0\u00a0<span style=\"color: #27357c;\">SIBEER\u00ae<\/span>\u00a0 \u00a0 \u00a0 \u00a0<\/span><\/span><\/h3>\n<h4 style=\"text-align: center;\"><span style=\"color: #78c4b1;\">STABILISATOR F\u00dcR BIER<\/span><\/h4>\n<p>Das Kieselgel absorbiert in wenigen Minuten, die Proteinen, die eine Tr\u00fcbung im Bier bewirken, und dann wird es durch Filtrieren entfernt. Es kann die Lagerzeit des Bieres von 180-240 Tagen verl\u00e4ngern, und das Bier ohne Tr\u00fcbung aufbewahren. Dank seinen hervorragenden physikalischen und chemischen Eigenschaften, hat es keinen Einfluss auf den Bierschaum oder Geschmack. Es ist durch die Praxis bewiesen, das Bier-Kieselgel im Allgemeinen durch der Bierindustrie, als der sicherste Bierstabilisator weltweit anerkannt ist.<\/p>\n<p>Es verbessert die Filterwirkung. Es ist chemisch stabil und nicht l\u00f6slich in Bier. Seine Oberfl\u00e4che und por\u00f6se Struktur ist gr\u00f6\u00dfer als bei Diatomit. Es ist ein ideales Filterhilfsmittel zusammen mit Diatomit in der Filtration, dadurch wird das Bier klarer und heller.<\/p>\n<p>Es gibt zwei Bier-Verarbeitungsmethoden, eine \u00fcber die biologische Stabilisierung (Sterilisationsverfahren) und die andere \u00fcber ein Gel-Stabilisator, basierend auf Kieselgel.<\/p>\n<p>Das Bier-Kieselgel hat eine gro\u00dfe Oberfl\u00e4che, und eine zahlreichen sehr feine Porenstruktur.<\/p>\n<\/div><div class=\"fusion-clearfix\"><\/div><\/div><\/div><div class=\"fusion-layout-column fusion_builder_column fusion-builder-column-10 fusion_builder_column_1_4 1_4 fusion-one-fourth fusion-column-last\" style=\"--awb-bg-color:#27357c;--awb-bg-color-hover:#27357c;--awb-bg-size:cover;width:25%;width:calc(25% - ( ( 4% + 4% + 4% ) * 0.25 ) );\"><div class=\"fusion-column-wrapper fusion-flex-column-wrapper-legacy\"><div class=\"fusion-sep-clear\"><\/div><div class=\"fusion-separator fusion-full-width-sep\" style=\"margin-left: auto;margin-right: auto;margin-top:10px;width:100%;\"><\/div><div class=\"fusion-sep-clear\"><\/div><div class=\"fusion-text fusion-text-16\"><h2 style=\"text-align: center;\"><span style=\"color: #78c4b1;\"><strong>KIESELS\u00c4URE TROCKENMITTEL<\/strong><\/span><\/h2>\n<p style=\"text-align: center;\"><span style=\"color: #ffffff;\">Kieselgel wird als<br \/>\n<\/span><br \/>\n<span style=\"color: #ffffff;\">Entfeuchtungsmittel<\/span><\/p>\n<p style=\"text-align: center;\"><span style=\"color: #ffffff;\">Adsorptionsmittel<\/span><\/p>\n<p style=\"text-align: center;\"><span style=\"color: #ffffff;\">Teil eines industriellen<\/span><br \/>\n<span style=\"color: #ffffff;\">Prozesses, eingesetzt<\/span><\/p>\n<\/div><div class=\"fusion-text fusion-text-17\"><h2 style=\"text-align: center;\"><span style=\"color: #78c4b1;\"><strong>FORMEN UND GR\u00d6\u00dfEN<\/strong><\/span><\/h2>\n<p style=\"text-align: center;\"><span style=\"color: #ffffff;\">PERLEN<\/span><\/p>\n<p style=\"text-align: center;\"><span style=\"color: #ffffff;\">von 0.5 bis 1.5 mm<\/span><br \/>\n<span style=\"color: #ffffff;\"> von 1 bis 3 mm<\/span><br \/>\n<span style=\"color: #ffffff;\"> von 2 bis 4 mm<\/span><br \/>\n<span style=\"color: #ffffff;\"> von 3 bis 5 mm<\/span><\/p>\n<p style=\"text-align: center;\"><span style=\"color: #ffffff;\">GEK\u00d6RNT<\/span><\/p>\n<p style=\"text-align: center;\"><span style=\"color: #ffffff;\">von 0.2 bis 1.0 mm<\/span><br \/>\n<span style=\"color: #ffffff;\">&lt; 0.3 mm<\/span><br \/>\n<span style=\"color: #ffffff;\">von 0.5 bis 1.5 mm<\/span><br \/>\n<span style=\"color: #ffffff;\">von 0.7 bis 1.4 mm<\/span><br \/>\n<span style=\"color: #ffffff;\">von 1 bis 3 mm<\/span><br \/>\n<span style=\"color: #ffffff;\">von 1 bis 6 mm<\/span><\/p>\n<\/div><div class=\"fusion-text fusion-text-18\"><h2 style=\"text-align: center;\"><span style=\"color: #78c4b1;\"><strong>FARBEN<\/strong><\/span><\/h2>\n<p style=\"text-align: center;\"><span style=\"color: #ffffff;\">Klarglas, Blau und Orange.<br \/>\n<\/span><\/p>\n<\/div><div class=\"fusion-clearfix\"><\/div><\/div><\/div><\/div><\/div><\/p>","protected":false},"excerpt":{"rendered":"","protected":false},"author":2,"featured_media":0,"parent":0,"menu_order":0,"comment_status":"closed","ping_status":"closed","template":"100-width.php","meta":{"footnotes":""},"aioseo_notices":[],"_links":{"self":[{"href":"https:\/\/sinchem-europe.com\/de\/wp-json\/wp\/v2\/pages\/13594"}],"collection":[{"href":"https:\/\/sinchem-europe.com\/de\/wp-json\/wp\/v2\/pages"}],"about":[{"href":"https:\/\/sinchem-europe.com\/de\/wp-json\/wp\/v2\/types\/page"}],"author":[{"embeddable":true,"href":"https:\/\/sinchem-europe.com\/de\/wp-json\/wp\/v2\/users\/2"}],"replies":[{"embeddable":true,"href":"https:\/\/sinchem-europe.com\/de\/wp-json\/wp\/v2\/comments?post=13594"}],"version-history":[{"count":0,"href":"https:\/\/sinchem-europe.com\/de\/wp-json\/wp\/v2\/pages\/13594\/revisions"}],"wp:attachment":[{"href":"https:\/\/sinchem-europe.com\/de\/wp-json\/wp\/v2\/media?parent=13594"}],"curies":[{"name":"wp","href":"https:\/\/api.w.org\/{rel}","templated":true}]}}