{"id":14398,"date":"2017-09-29T14:16:10","date_gmt":"2017-09-29T12:16:10","guid":{"rendered":"https:\/\/sinchem-europe.com\/?page_id=14398"},"modified":"2017-11-13T19:02:21","modified_gmt":"2017-11-13T18:02:21","slug":"mentions-legales-2","status":"publish","type":"page","link":"https:\/\/sinchem-europe.com\/de\/mentions-legales-2\/","title":{"rendered":"Mentions l\u00e9gales"},"content":{"rendered":"<p><\/p>\n<h2><strong>Impressum<\/strong><\/h2>\n<p><strong>SINCHEM EUROPE<\/strong><\/p>\n<p>16 rue des Juifs<br \/>\nF-67000 Strasbourg<br \/>\nFrance<br \/>\n<strong>Fon:<\/strong>\u00a0+33629774090<\/p>\n<p>Pr\u00e4sident: Guy Chavarria<\/p>\n<p>Handelsregister: Strasbourg, France<br \/>\nUmsatzsteueridentifikationsnummer: FR87 831370341<\/p>\n<h1><strong>Haftungshinweise<\/strong><\/h1>\n<p><strong>Haftung f\u00fcr Inhalte<\/strong><\/p>\n<p>Die Inhalte auf dieser Website werden mit gr\u00f6\u00dfter Sorgfalt erstellt. F\u00fcr die Richtigkeit, Vollst\u00e4ndigkeit und Aktualit\u00e4t der Inhalte kann die\u00a0<strong>SINCHEM EUROPE<\/strong>\u00a0jedoch nicht garantieren. F\u00fcr Handlungen, die auf der Grundlage dieser Website vorgenommen wurden, \u00fcbernimmt die\u00a0<strong>SINCHEM EUROPE<\/strong>\u00a0keinerlei Verantwortung. Die Nutzung der Inhalte dieser Website erfolgt auf eigene Gefahr des Nutzers.<\/p>\n<p><strong>Haftung f\u00fcr Links<\/strong><\/p>\n<p>Diese Website kann Verkn\u00fcpfungen zu anderen Websites enthalten. F\u00fcr die Inhalte der verlinkten Seiten sind ausschlie\u00dflich deren Betreiber verantwortlich.<\/p>\n<p><strong>Urheberrecht<\/strong><\/p>\n<p>Die Inhalte auf dieser Website sind urheberrechtlich gesch\u00fctzt. Das ausschlie\u00dfliche Nutzungsrecht f\u00fcr die Texte liegt beim Betreiber dieser Webseite. Die Vervielf\u00e4ltigung, Bearbeitung, Verbreitung und jede Art der Verwertung au\u00dferhalb der Grenzen des Urheberrechtes bed\u00fcrfen der schriftlichen Zustimmung des jeweiligen Erstellers. Downloads und Kopien dieser Seite sind nur f\u00fcr den privaten, nicht kommerziellen Gebrauch gestattet. Soweit die Inhalte auf dieser Seite nicht vom Betreiber erstellt wurden, werden die Urheberrechte Dritter beachtet. Insbesondere werden Inhalte Dritter als solche gekennzeichnet. Sollten Sie trotzdem auf eine Urheberrechtsverletzung aufmerksam werden, bitten wir um einen entsprechenden Hinweis. Bei Bekanntwerden von Rechtsverletzungen werden wir derartige Inhalte umgehend entfernen.<\/p>\n<p><strong>Datenschutz<\/strong><\/p>\n<p>Die Nutzung unserer Webseite ist in der Regel ohne Angabe personenbezogener Daten m\u00f6glich. Soweit auf unseren Seiten personenbezogene Daten (beispielsweise Name, Anschrift oder E-Mail-Adressen) erhoben werden, erfolgt dies, soweit m\u00f6glich, stets auf freiwilliger Basis. Diese Daten werden ohne Ihre ausdr\u00fcckliche Zustimmung nicht an Dritte weitergegeben.<br \/>\nWir weisen darauf hin, dass die Daten\u00fcbertragung im Internet (z.B. bei der Kommunikation per E-Mail) Sicherheitsl\u00fccken aufweisen kann. Ein l\u00fcckenloser Schutz der Daten vor dem Zugriff durch Dritte ist nicht m\u00f6glich.<br \/>\nDie Betreiber der Seiten behalten sich ausdr\u00fccklich rechtliche Schritte im Falle der unverlangten Zusendung von Werbeinformationen, etwa durch Spam-Mails, vor.<\/p>","protected":false},"excerpt":{"rendered":"<p>Impressum SINCHEM EUROPE 16 rue des Juifs F-67000 Strasbourg France Fon:\u00a0+33629774090 Pr\u00e4sident: Guy Chavarria Handelsregister: Strasbourg, France Umsatzsteueridentifikationsnummer: FR87 831370341 Haftungshinweise Haftung f\u00fcr Inhalte Die Inhalte auf dieser Website werden mit gr\u00f6\u00dfter Sorgfalt erstellt. F\u00fcr die Richtigkeit, Vollst\u00e4ndigkeit und Aktualit\u00e4t der Inhalte kann die\u00a0SINCHEM EUROPE\u00a0jedoch nicht garantieren. F\u00fcr Handlungen, die auf der Grundlage dieser Website vorgenommen  [&#8230;]<\/p>\n","protected":false},"author":1,"featured_media":0,"parent":0,"menu_order":0,"comment_status":"closed","ping_status":"closed","template":"","meta":{"footnotes":""},"aioseo_notices":[],"_links":{"self":[{"href":"https:\/\/sinchem-europe.com\/de\/wp-json\/wp\/v2\/pages\/14398"}],"collection":[{"href":"https:\/\/sinchem-europe.com\/de\/wp-json\/wp\/v2\/pages"}],"about":[{"href":"https:\/\/sinchem-europe.com\/de\/wp-json\/wp\/v2\/types\/page"}],"author":[{"embeddable":true,"href":"https:\/\/sinchem-europe.com\/de\/wp-json\/wp\/v2\/users\/1"}],"replies":[{"embeddable":true,"href":"https:\/\/sinchem-europe.com\/de\/wp-json\/wp\/v2\/comments?post=14398"}],"version-history":[{"count":0,"href":"https:\/\/sinchem-europe.com\/de\/wp-json\/wp\/v2\/pages\/14398\/revisions"}],"wp:attachment":[{"href":"https:\/\/sinchem-europe.com\/de\/wp-json\/wp\/v2\/media?parent=14398"}],"curies":[{"name":"wp","href":"https:\/\/api.w.org\/{rel}","templated":true}]}}