{"id":12389,"date":"2016-12-14T10:22:57","date_gmt":"2016-12-14T09:22:57","guid":{"rendered":"https:\/\/sinchem-europe.com\/?page_id=12389"},"modified":"2017-08-11T16:54:58","modified_gmt":"2017-08-11T14:54:58","slug":"silica-gel-cat-litters","status":"publish","type":"page","link":"https:\/\/sinchem-europe.com\/es\/silica-gel-cat-litters\/","title":{"rendered":"CAMAS DE GATOS EN GEL DE S\u00cdLICE"},"content":{"rendered":"<p><div class=\"fusion-bg-parallax\" data-bg-align=\"center center\" data-direction=\"down\" data-mute=\"false\" data-opacity=\"100\" data-velocity=\"-0.3\" data-mobile-enabled=\"false\" data-break_parents=\"0\" data-bg-image=\"https:\/\/sinchem-europe.com\/wp-content\/uploads\/2016\/12\/Products-cercles-litieres-2.jpg\" data-bg-repeat=\"false\" ><\/div><div class=\"fusion-fullwidth fullwidth-box fusion-builder-row-7 fusion-parallax-down nonhundred-percent-fullwidth non-hundred-percent-height-scrolling\" style=\"--awb-border-radius-top-left:0px;--awb-border-radius-top-right:0px;--awb-border-radius-bottom-right:0px;--awb-border-radius-bottom-left:0px;--awb-padding-top:20px;--awb-padding-bottom:20px;--awb-background-image:url(&quot;https:\/\/sinchem-europe.com\/wp-content\/uploads\/2016\/12\/Products-cercles-litieres-2.jpg&quot;);--awb-background-size:cover;--awb-flex-wrap:wrap;\" ><div class=\"fusion-builder-row fusion-row\"><div class=\"fusion-layout-column fusion_builder_column fusion-builder-column-12 fusion_builder_column_1_2 1_2 fusion-one-half fusion-column-first\" style=\"--awb-bg-size:cover;width:50%;width:calc(50% - ( ( 4% + 4% ) * 0.5 ) );margin-right: 4%;\"><div class=\"fusion-column-wrapper fusion-flex-column-wrapper-legacy\"><div class=\"fusion-text fusion-text-69\"><h1><strong><span style=\"color: #386157;\">CRITERIOS para escoger una cama de gatos<\/span><\/strong><\/h1>\n<\/div><div class=\"fusion-text fusion-text-70\"><h3><strong>LIMPIEZA<\/strong>:<br \/>\nla frecuencia de limpieza y la facilidad.<\/h3>\n<\/div><div class=\"fusion-text fusion-text-71\"><h3><strong>ABSORCI\u00d3N<\/strong>:<br \/>\nla velocidad y la cantidad de agua.<\/h3>\n<\/div><div class=\"fusion-text fusion-text-72\"><h3><strong>PROTECCI\u00d3N DEL MEDIO AMBIENTE<\/strong>:<br \/>\nel impacto ecol\u00f3gico de las camas de gato durante su fabricaci\u00f3n, su transporte, dentro de la casa y su deshecho posterior.<\/h3>\n<\/div><div class=\"fusion-text fusion-text-73\"><h3><strong>AGLOMERACI\u00d3N<\/strong>:<br \/>\nel grado de aglomeraci\u00f3n y las necesidades.<\/h3>\n<\/div><div class=\"fusion-text fusion-text-74\"><h3><strong>DESODORIZANTE<\/strong>:<br \/>\nel grado de neutralizaci\u00f3n de olor, su velocidad y su duraci\u00f3n.<\/h3>\n<\/div><div class=\"fusion-text fusion-text-75\"><h3><strong>CONFORT<\/strong>:<br \/>\nla suavidad para gatos, gatitos y roedores.<\/h3>\n<\/div><div class=\"fusion-clearfix\"><\/div><\/div><\/div><div class=\"fusion-layout-column fusion_builder_column fusion-builder-column-13 fusion_builder_column_1_4 1_4 fusion-one-fourth\" style=\"--awb-padding-top:10px;--awb-padding-right:6px;--awb-padding-bottom:10px;--awb-padding-left:6px;--awb-bg-color:#dcf7ec;--awb-bg-color-hover:#dcf7ec;--awb-bg-size:cover;width:25%;width:calc(25% - ( ( 4% + 4% ) * 0.25 ) );margin-right: 4%;\"><div class=\"fusion-column-wrapper fusion-flex-column-wrapper-legacy\"><div class=\"fusion-text fusion-text-76\"><h3><strong>El Gel de\u00a0 s\u00edlice\u00a0 tiene una gran cantidad de microporos que absorben el agua y todo tipo de olores de una manera eficaz.<\/strong><\/h3>\n<h3><strong>Despu\u00e9s, basado en sus propiedades, su tratamiento y su refinamiento, la cama de gel de s\u00edlice es una forma nueva e ideal para el tratamiento de excrementos de mascotas, y para la limpieza de residuos con mejores propiedades de antis\u00e9pticos que los otros tipos de camas para gato.<\/strong><\/h3>\n<h3><strong>Con una capacidad de absorci\u00f3n r\u00e1pida y fuerte, puede absorber completamente en segundos la orina de gato o los l\u00edquidos en las heces, adem\u00e1s el olor. Puede evitar que las bacterias sobrevivan para que las mascotas pueden vivir en un ambiente limpio y seguro.<\/strong><\/h3>\n<\/div><div class=\"fusion-clearfix\"><\/div><\/div><\/div><div class=\"fusion-layout-column fusion_builder_column fusion-builder-column-14 fusion_builder_column_1_4 1_4 fusion-one-fourth fusion-column-last\" style=\"--awb-bg-color:#27357c;--awb-bg-color-hover:#27357c;--awb-bg-size:cover;width:25%;width:calc(25% - ( ( 4% + 4% ) * 0.25 ) );\"><div class=\"fusion-column-wrapper fusion-flex-column-wrapper-legacy\"><div class=\"fusion-sep-clear\"><\/div><div class=\"fusion-separator fusion-full-width-sep\" style=\"margin-left: auto;margin-right: auto;margin-top:10px;width:100%;\"><\/div><div class=\"fusion-sep-clear\"><\/div><div class=\"fusion-text fusion-text-77\"><h2 style=\"text-align: center;\"><\/h2>\n<h2 style=\"text-align: center;\"><span style=\"color: #78c4b1;\"><strong>TIPOS<\/strong><\/span><\/h2>\n<\/div><div class=\"fusion-text fusion-text-78\"><h3 style=\"text-align: center;\"><span style=\"color: #ffffff;\"><span style=\"background-color: #78c4b1;\">\u00a0 \u00a0 \u00a0 \u00a0 \u00a0 CLUMPY\u00ae \u00a0 \u00a0 \u00a0 \u00a0 \u00a0<\/span><\/span><\/h3>\n<\/div><div class=\"fusion-text fusion-text-79\"><p style=\"text-align: center;\"><span style=\"color: #ffffff;\">Aglomerante de 0,5 a 2,0 mm.<\/span><\/p>\n<\/div><div class=\"fusion-text fusion-text-80\"><h3 style=\"text-align: center;\"><span style=\"color: #ffffff;\"><span style=\"background-color: #78c4b1;\">\u00a0 \u00a0 \u00a0 \u00a0 \u00a0 \u00a0LENSY\u00ae \u00a0 \u00a0 \u00a0 \u00a0 \u00a0<\/span><\/span><\/h3>\n<\/div><div class=\"fusion-text fusion-text-81\"><p style=\"text-align: center;\"><span style=\"color: #ffffff;\">Semi perlas de 0,5 a 4,0 mm.<\/span><\/p>\n<\/div><div class=\"fusion-text fusion-text-82\"><h3 style=\"text-align: center;\"><span style=\"color: #ffffff;\"><span style=\"background-color: #78c4b1;\">\u00a0 \u00a0 \u00a0 \u00a0 \u00a0 STONEY\u00ae \u00a0 \u00a0 \u00a0 \u00a0 \u00a0<\/span><\/span><\/h3>\n<\/div><div class=\"fusion-text fusion-text-83\"><p style=\"text-align: center;\"><span style=\"color: #ffffff;\">Granular de 1 a 8 mm<\/span><br \/>\n<span style=\"color: #ffffff;\">( 1-4 mm, 4-8 mm, 1-6 mm )<\/span><\/p>\n<\/div><div class=\"fusion-text fusion-text-84\"><h3 style=\"text-align: center;\"><span style=\"color: #ffffff;\"><span style=\"background-color: #78c4b1;\">\u00a0 \u00a0 \u00a0 \u00a0 \u00a0 \u00a0SANDY\u00ae \u00a0 \u00a0 \u00a0 \u00a0 \u00a0<\/span><\/span><\/h3>\n<\/div><div class=\"fusion-text fusion-text-85\"><p style=\"text-align: center;\"><span style=\"color: #ffffff;\">Sugar de 0,5 a 2,0 mm.<\/span><\/p>\n<\/div><div class=\"fusion-text fusion-text-86\"><h3 style=\"text-align: center;\"><span style=\"color: #ffffff;\"><span style=\"background-color: #78c4b1;\">\u00a0 \u00a0 \u00a0 \u00a0 \u00a0 \u00a0PELLY\u00ae \u00a0 \u00a0 \u00a0 \u00a0 \u00a0<\/span><\/span><\/h3>\n<\/div><div class=\"fusion-text fusion-text-87\"><p style=\"text-align: center;\"><span style=\"color: #ffffff;\">Columnar de 0,5 a 3,0 mm.<\/span><\/p>\n<\/div><div class=\"fusion-text fusion-text-88\"><h2 style=\"text-align: center;\"><span style=\"color: #78c4b1;\"><strong>COLORES<\/strong><\/span><\/h2>\n<p style=\"text-align: center;\"><span style=\"color: #ffffff;\">Transparente<br \/>\n<\/span><span style=\"color: #ffffff;\">Todos los colores son posibles<\/span><\/p>\n<\/div><div class=\"fusion-text fusion-text-89\"><h2 style=\"text-align: center;\"><span style=\"color: #78c4b1;\"><strong>EXTRAS<\/strong><\/span><\/h2>\n<p style=\"text-align: center;\"><span style=\"color: #ffffff;\">Fragancias, Anti-olores, <\/span><br \/>\n<span style=\"color: #ffffff;\">Feromonas, Indicador de salud<\/span><\/p>\n<\/div><div class=\"fusion-clearfix\"><\/div><\/div><\/div><\/div><\/div><div class=\"fusion-fullwidth fullwidth-box fusion-builder-row-8 fusion-parallax-none hundred-percent-fullwidth non-hundred-percent-height-scrolling\" style=\"--awb-border-radius-top-left:0px;--awb-border-radius-top-right:0px;--awb-border-radius-bottom-right:0px;--awb-border-radius-bottom-left:0px;--awb-padding-top:20px;--awb-padding-bottom:20px;--awb-background-image:url(&quot;https:\/\/sinchem-europe.com\/wp-content\/uploads\/2016\/12\/IMG_7016.jpg&quot;);--awb-background-size:cover;--awb-flex-wrap:wrap;\" ><div class=\"fusion-builder-row fusion-row\"><div class=\"fusion-layout-column fusion_builder_column fusion-builder-column-15 fusion_builder_column_4_5 4_5 fusion-four-fifth fusion-column-first\" style=\"--awb-bg-size:cover;width:80%;width:calc(80% - ( ( 4% ) * 0.8 ) );margin-right: 4%;\"><div class=\"fusion-column-wrapper fusion-flex-column-wrapper-legacy\"><div class=\"fusion-text fusion-text-90\"><h1 style=\"text-align: center;\"><span style=\"color: #ffffff;\"><strong>CARACTERISTICAS TECNICAS<\/strong><\/span><\/h1>\n<\/div><div class=\"fusion-text fusion-text-91\"><p><img decoding=\"async\" class=\"alignnone size-full wp-image-13053\" src=\"https:\/\/sinchem-europe.com\/wp-content\/uploads\/2016\/12\/CUADROS-SILICA.png\" alt=\"CUADROS SILICA\" width=\"1455\" height=\"904\" srcset=\"https:\/\/sinchem-europe.com\/wp-content\/uploads\/2016\/12\/CUADROS-SILICA-200x124.png 200w, https:\/\/sinchem-europe.com\/wp-content\/uploads\/2016\/12\/CUADROS-SILICA-300x186.png 300w, https:\/\/sinchem-europe.com\/wp-content\/uploads\/2016\/12\/CUADROS-SILICA-400x249.png 400w, https:\/\/sinchem-europe.com\/wp-content\/uploads\/2016\/12\/CUADROS-SILICA-600x373.png 600w, https:\/\/sinchem-europe.com\/wp-content\/uploads\/2016\/12\/CUADROS-SILICA-768x477.png 768w, https:\/\/sinchem-europe.com\/wp-content\/uploads\/2016\/12\/CUADROS-SILICA-800x497.png 800w, https:\/\/sinchem-europe.com\/wp-content\/uploads\/2016\/12\/CUADROS-SILICA-1024x636.png 1024w, https:\/\/sinchem-europe.com\/wp-content\/uploads\/2016\/12\/CUADROS-SILICA-1200x746.png 1200w, https:\/\/sinchem-europe.com\/wp-content\/uploads\/2016\/12\/CUADROS-SILICA.png 1455w\" sizes=\"(max-width: 1455px) 100vw, 1455px\" \/><\/p>\n<\/div><div class=\"fusion-sep-clear\"><\/div><div class=\"fusion-separator fusion-full-width-sep\" style=\"margin-left: auto;margin-right: auto;width:100%;\"><\/div><div class=\"fusion-sep-clear\"><\/div><div class=\"fusion-clearfix\"><\/div><\/div><\/div><\/div><\/div><\/p>","protected":false},"excerpt":{"rendered":"","protected":false},"author":1,"featured_media":0,"parent":0,"menu_order":0,"comment_status":"closed","ping_status":"closed","template":"100-width.php","meta":{"footnotes":""},"aioseo_notices":[],"_links":{"self":[{"href":"https:\/\/sinchem-europe.com\/es\/wp-json\/wp\/v2\/pages\/12389"}],"collection":[{"href":"https:\/\/sinchem-europe.com\/es\/wp-json\/wp\/v2\/pages"}],"about":[{"href":"https:\/\/sinchem-europe.com\/es\/wp-json\/wp\/v2\/types\/page"}],"author":[{"embeddable":true,"href":"https:\/\/sinchem-europe.com\/es\/wp-json\/wp\/v2\/users\/1"}],"replies":[{"embeddable":true,"href":"https:\/\/sinchem-europe.com\/es\/wp-json\/wp\/v2\/comments?post=12389"}],"version-history":[{"count":0,"href":"https:\/\/sinchem-europe.com\/es\/wp-json\/wp\/v2\/pages\/12389\/revisions"}],"wp:attachment":[{"href":"https:\/\/sinchem-europe.com\/es\/wp-json\/wp\/v2\/media?parent=12389"}],"curies":[{"name":"wp","href":"https:\/\/api.w.org\/{rel}","templated":true}]}}