{"id":12820,"date":"2017-01-10T20:11:34","date_gmt":"2017-01-10T19:11:34","guid":{"rendered":"https:\/\/sinchem-europe.com\/?page_id=12820"},"modified":"2017-07-09T10:53:45","modified_gmt":"2017-07-09T08:53:45","slug":"technical-terms","status":"publish","type":"page","link":"https:\/\/sinchem-europe.com\/es\/technical-terms\/","title":{"rendered":"Informaciones t\u00e9cnicas"},"content":{"rendered":"<p><div class=\"fusion-fullwidth fullwidth-box fusion-builder-row-4 nonhundred-percent-fullwidth non-hundred-percent-height-scrolling\" style=\"--awb-border-radius-top-left:0px;--awb-border-radius-top-right:0px;--awb-border-radius-bottom-right:0px;--awb-border-radius-bottom-left:0px;--awb-padding-top:20px;--awb-padding-bottom:20px;--awb-background-color:#78c4b1;--awb-flex-wrap:wrap;\" ><div class=\"fusion-builder-row fusion-row\"><div class=\"fusion-layout-column fusion_builder_column fusion-builder-column-6 fusion_builder_column_1_2 1_2 fusion-one-half fusion-column-first fusion-animated\" style=\"--awb-bg-position:center top;--awb-bg-size:cover;width:50%;width:calc(50% - ( ( 4% ) * 0.5 ) );margin-right: 4%;\" data-animationType=\"fadeInLeft\" data-animationDuration=\"0.3\" data-animationOffset=\"top-into-view\"><div class=\"fusion-column-wrapper fusion-flex-column-wrapper-legacy\"><div class=\"fusion-column-content-centered\"><div class=\"fusion-column-content\"><div class=\"fusion-text fusion-text-13\"><ol>\n<li><b>Superficie espec\u00edfica: <\/b>Toda la superficie de un gramo de s\u00edlice , incluyendo dentro de la zona de micro poros y fuera. Unidad: m2\/g<\/li>\n<li><b>Volumen de los poros: <\/b>dentro del volumen de los poros de un gramo de s\u00edlice . Unidad: ml\/g<\/li>\n<li><b>Di\u00e1metro de los poros: <\/b>el di\u00e1metro del interior del agujero. Unidad: \u00c5. se calcul\u00f3 en PV y en un \u00e1rea espec\u00edfica. 1nm = 10 \u00c5.<\/li>\n<li><b>Absorci\u00f3n: <\/b>bajo una cierta humedad relativa, puede absorber la cantidad de gramos de vapor que puede absorber la s\u00edlice hasta alcanzar la saturaci\u00f3n. Unidad: %<\/li>\n<li><b>Densidad: <\/b>peso del gel de s\u00edlice dividida por su volumen. Unidad: g\/L.<b>\u3000\u3000<\/b><\/li>\n<li><b><\/b><b>pH <\/b><\/li>\n<li><b><\/b><b>Resistencia espec\u00edfica: <\/b>esto es la resistencia de la soluci\u00f3n en 1 cm. Es el grado de pureza del gel de s\u00edlice. A mayor resistencia espec\u00edfica, mayor es el grado de pureza. Unidad: \u03a9.cm<\/li>\n<li><b>Absorci\u00f3n de olor. <\/b><\/li>\n<\/ol>\n<\/div><div class=\"fusion-sep-clear\"><\/div><div class=\"fusion-separator fusion-full-width-sep\" style=\"margin-left: auto;margin-right: auto;margin-top:50px;width:100%;\"><div class=\"fusion-separator-border sep-single sep-solid\" style=\"--awb-height:20px;--awb-amount:20px;border-color:#e0dede;border-top-width:1px;\"><\/div><\/div><div class=\"fusion-sep-clear\"><\/div><div class=\"fusion-text fusion-text-14\"><h1 style=\"text-align: center;\">Grafico de absorption por tipo de gel de silice<\/h1>\n<p><img decoding=\"async\" class=\"size-full wp-image-13001 aligncenter\" src=\"https:\/\/sinchem-europe.com\/wp-content\/uploads\/2017\/01\/ABC.png\" alt=\"ABC\" width=\"555\" height=\"450\" srcset=\"https:\/\/sinchem-europe.com\/wp-content\/uploads\/2017\/01\/ABC-200x162.png 200w, https:\/\/sinchem-europe.com\/wp-content\/uploads\/2017\/01\/ABC-300x243.png 300w, https:\/\/sinchem-europe.com\/wp-content\/uploads\/2017\/01\/ABC-400x324.png 400w, https:\/\/sinchem-europe.com\/wp-content\/uploads\/2017\/01\/ABC.png 555w\" sizes=\"(max-width: 555px) 100vw, 555px\" \/><\/p>\n<\/div><\/div><\/div><div class=\"fusion-clearfix\"><\/div><\/div><\/div><div class=\"fusion-layout-column fusion_builder_column fusion-builder-column-7 fusion_builder_column_1_2 1_2 fusion-one-half fusion-column-last\" style=\"--awb-bg-size:cover;width:50%;width:calc(50% - ( ( 4% ) * 0.5 ) );\"><div class=\"fusion-column-wrapper fusion-flex-column-wrapper-legacy\"><div class=\"fusion-text fusion-text-15\"><p><img decoding=\"async\" class=\"alignnone size-full wp-image-12991\" src=\"https:\/\/sinchem-europe.com\/wp-content\/uploads\/2017\/01\/shutterstock_410043964-e1485321740921.jpg\" alt=\"shutterstock_410043964\" width=\"1200\" height=\"800\" \/><\/p>\n<\/div><div class=\"fusion-sep-clear\"><\/div><div class=\"fusion-separator fusion-full-width-sep\" style=\"margin-left: auto;margin-right: auto;margin-top:70px;margin-bottom:70px;width:100%;\"><\/div><div class=\"fusion-sep-clear\"><\/div><div class=\"fusion-text fusion-text-16\"><ul>\n<li>\n<h3>Los tipos B y C de gel s\u00edlice (arena para gatos) tienen una capacidad de absorci\u00f3n inferior\u00a0 con respecto al Tipo A en\u00a0 humedad relativa menor de 65%.<\/h3>\n<\/li>\n<li>\n<h3>El gel de s\u00edlice tipo C (arena para gatos) tiene una capacidad de absorci\u00f3n inferior con respecto al tipo B\u00a0con humedad relativa menor al\u00a0 95%.<\/h3>\n<\/li>\n<li>\n<h3>Tipo de gel de s\u00edlice C tiene una alta capacidad de absorci\u00f3n superior al los tipos A y B en alta humedad mayor al 95%.<\/h3>\n<\/li>\n<\/ul>\n<\/div><div class=\"fusion-clearfix\"><\/div><\/div><\/div><\/div><\/div><\/p>","protected":false},"excerpt":{"rendered":"","protected":false},"author":1,"featured_media":0,"parent":0,"menu_order":0,"comment_status":"closed","ping_status":"closed","template":"","meta":{"footnotes":""},"aioseo_notices":[],"_links":{"self":[{"href":"https:\/\/sinchem-europe.com\/es\/wp-json\/wp\/v2\/pages\/12820"}],"collection":[{"href":"https:\/\/sinchem-europe.com\/es\/wp-json\/wp\/v2\/pages"}],"about":[{"href":"https:\/\/sinchem-europe.com\/es\/wp-json\/wp\/v2\/types\/page"}],"author":[{"embeddable":true,"href":"https:\/\/sinchem-europe.com\/es\/wp-json\/wp\/v2\/users\/1"}],"replies":[{"embeddable":true,"href":"https:\/\/sinchem-europe.com\/es\/wp-json\/wp\/v2\/comments?post=12820"}],"version-history":[{"count":0,"href":"https:\/\/sinchem-europe.com\/es\/wp-json\/wp\/v2\/pages\/12820\/revisions"}],"wp:attachment":[{"href":"https:\/\/sinchem-europe.com\/es\/wp-json\/wp\/v2\/media?parent=12820"}],"curies":[{"name":"wp","href":"https:\/\/api.w.org\/{rel}","templated":true}]}}