{"id":13569,"date":"2017-03-10T16:48:48","date_gmt":"2017-03-10T15:48:48","guid":{"rendered":"https:\/\/sinchem-europe.com\/?page_id=13569"},"modified":"2017-07-11T17:45:25","modified_gmt":"2017-07-11T15:45:25","slug":"silica-gel-dessicant","status":"publish","type":"page","link":"https:\/\/sinchem-europe.com\/es\/silica-gel-dessicant\/","title":{"rendered":"Desecantes de s\u00edlice"},"content":{"rendered":"<p><div class=\"fusion-fullwidth fullwidth-box fusion-builder-row-4 nonhundred-percent-fullwidth non-hundred-percent-height-scrolling\" style=\"--awb-border-radius-top-left:0px;--awb-border-radius-top-right:0px;--awb-border-radius-bottom-right:0px;--awb-border-radius-bottom-left:0px;--awb-padding-top:20px;--awb-padding-bottom:20px;--awb-flex-wrap:wrap;\" ><div class=\"fusion-builder-row fusion-row\"><div class=\"fusion-layout-column fusion_builder_column fusion-builder-column-12 fusion_builder_column_1_4 1_4 fusion-one-fourth fusion-column-first\" style=\"--awb-bg-size:cover;width:25%;width:calc(25% - ( ( 4% + 4% + 4% ) * 0.25 ) );margin-right: 4%;\"><div class=\"fusion-column-wrapper fusion-flex-column-wrapper-legacy\"><div class=\"fusion-text fusion-text-31\"><h3 style=\"text-align: center;\"><span style=\"color: #ffffff;\"><span style=\"background-color: #78c4b1;\">\u00a0 \u00a0 \u00a0 \u00a0 \u00a0 <span style=\"color: #27357c;\">SISORB\u00ae<\/span>\u00a0 \u00a0 \u00a0 \u00a0 \u00a0<\/span><\/span><\/h3>\n<h4 style=\"text-align: center;\"><span style=\"color: #78c4b1;\">TIPO A<\/span><\/h4>\n<p>Para poner en el paquete de instrumentos, de productos electr\u00f3nicos, mercanc\u00edas de cuero, zapatos, ropa, para conservar alimentos y medicinas y otros dispositivos.<\/p>\n<p>Para evitar que los elementos se enmohecen, se humedezcan o se oxiden.<\/p>\n<p>Para refinar los compuestos org\u00e1nicos por deshidrataci\u00f3n.<\/p>\n<p>Para uso como catalizador.<\/p>\n<\/div><div class=\"fusion-image-element fusion-image-align-center in-legacy-container\" style=\"text-align:center;--awb-caption-title-font-family:var(--h2_typography-font-family);--awb-caption-title-font-weight:var(--h2_typography-font-weight);--awb-caption-title-font-style:var(--h2_typography-font-style);--awb-caption-title-size:var(--h2_typography-font-size);--awb-caption-title-transform:var(--h2_typography-text-transform);--awb-caption-title-line-height:var(--h2_typography-line-height);--awb-caption-title-letter-spacing:var(--h2_typography-letter-spacing);\"><div class=\"imageframe-align-center\"><span class=\" fusion-imageframe imageframe-none imageframe-19 hover-type-none\" style=\"border:4px solid #f6f6f6;\"><a href=\"https:\/\/sinchem-europe.com\/wp-content\/uploads\/2016\/11\/1368502672-e1479908521448.jpg\" class=\"fusion-lightbox\" data-rel=\"iLightbox[ebf12d4a1b15191ead0]\" data-title=\"wide pore granular silica gel\" title=\"wide pore granular silica gel\"><img decoding=\"async\" width=\"500\" height=\"667\" src=\"https:\/\/sinchem-europe.com\/wp-content\/uploads\/2016\/11\/1368502672-e1479908521448.jpg\" alt class=\"img-responsive wp-image-12125\"\/><\/a><\/span><\/div><\/div><div class=\"fusion-text fusion-text-32\"><p>Debido a su alta densidad y alto rendimiento para absorber la humedad en un ambiente de baja humedad, puede utilizarse como limpiador de aire y control de humedad.<\/p>\n<\/div><div class=\"fusion-image-element fusion-image-align-center in-legacy-container\" style=\"text-align:center;--awb-caption-title-font-family:var(--h2_typography-font-family);--awb-caption-title-font-weight:var(--h2_typography-font-weight);--awb-caption-title-font-style:var(--h2_typography-font-style);--awb-caption-title-size:var(--h2_typography-font-size);--awb-caption-title-transform:var(--h2_typography-text-transform);--awb-caption-title-line-height:var(--h2_typography-line-height);--awb-caption-title-letter-spacing:var(--h2_typography-letter-spacing);\"><div class=\"imageframe-align-center\"><span class=\" fusion-imageframe imageframe-none imageframe-20 hover-type-zoomin fusion-animated\" style=\"border:2px solid #f6f6f6;\" data-animationType=\"bounceInUp\" data-animationDuration=\"0.3\" data-animationOffset=\"top-into-view\"><a href=\"https:\/\/sinchem-europe.com\/wp-content\/uploads\/2017\/03\/desiccant-e1493543438945.jpg\" class=\"fusion-lightbox\" data-rel=\"iLightbox[0b2cf5fab8d8f1d4399]\" data-title=\"desiccant\" title=\"desiccant\"><img decoding=\"async\" width=\"1000\" height=\"667\" src=\"https:\/\/sinchem-europe.com\/wp-content\/uploads\/2017\/03\/desiccant-e1493543438945.jpg\" alt class=\"img-responsive wp-image-13782\"\/><\/a><\/span><\/div><\/div><div class=\"fusion-clearfix\"><\/div><\/div><\/div><div class=\"fusion-layout-column fusion_builder_column fusion-builder-column-13 fusion_builder_column_1_4 1_4 fusion-one-fourth\" style=\"--awb-bg-size:cover;width:25%;width:calc(25% - ( ( 4% + 4% + 4% ) * 0.25 ) );margin-right: 4%;\"><div class=\"fusion-column-wrapper fusion-flex-column-wrapper-legacy\"><div class=\"fusion-text fusion-text-33\"><h3 style=\"text-align: center;\"><span style=\"color: #ffffff;\"><span style=\"background-color: #78c4b1;\">\u00a0 \u00a0 \u00a0 \u00a0 \u00a0 <span style=\"color: #27357c;\">SISORB\u00ae<\/span>\u00a0 \u00a0 \u00a0 \u00a0 \u00a0<\/span><\/span><\/h3>\n<h4 style=\"text-align: center;\"><span style=\"color: #78c4b1;\">TIPO B<\/span><\/h4>\n<\/div><div class=\"fusion-image-element fusion-image-align-center in-legacy-container\" style=\"text-align:center;--awb-bottom-shadow-color:rgba(46,186,158,0.4);--awb-caption-title-font-family:var(--h2_typography-font-family);--awb-caption-title-font-weight:var(--h2_typography-font-weight);--awb-caption-title-font-style:var(--h2_typography-font-style);--awb-caption-title-size:var(--h2_typography-font-size);--awb-caption-title-transform:var(--h2_typography-text-transform);--awb-caption-title-line-height:var(--h2_typography-line-height);--awb-caption-title-letter-spacing:var(--h2_typography-letter-spacing);\"><div class=\"imageframe-align-center\"><div class=\"awb-image-frame awb-image-frame-21 awb-bottomshadow\"><span class=\" fusion-imageframe imageframe-bottomshadow imageframe-21 hover-type-zoomin\" style=\"border:3px solid #f6f6f6;\"><a href=\"https:\/\/sinchem-europe.com\/wp-content\/uploads\/2016\/11\/1368504221.jpg\" class=\"fusion-lightbox\" data-rel=\"iLightbox[c34fc655fe26bbc2119]\" data-title=\"Blue silica gel\" title=\"Blue silica gel\"><img decoding=\"async\" width=\"350\" height=\"263\" src=\"https:\/\/sinchem-europe.com\/wp-content\/uploads\/2016\/11\/1368504221.jpg\" alt class=\"img-responsive wp-image-12142\" srcset=\"https:\/\/sinchem-europe.com\/wp-content\/uploads\/2016\/11\/1368504221-200x150.jpg 200w, https:\/\/sinchem-europe.com\/wp-content\/uploads\/2016\/11\/1368504221.jpg 350w\" sizes=\"(max-width: 800px) 100vw, 350px\" \/><\/a><\/span><svg xmlns=\"http:\/\/www.w3.org\/2000\/svg\" version=\"1.1\" width=\"100%\" viewBox=\"0 0 600 28\" preserveAspectRatio=\"none\"><g clip-path=\"url(#a)\"><mask id=\"b\" style=\"mask-type:luminance\" maskUnits=\"userSpaceOnUse\" x=\"0\" y=\"0\" width=\"600\" height=\"28\"><path d=\"M0 0h600v28H0V0Z\" fill=\"#fff\"\/><\/mask><g filter=\"url(#c)\" mask=\"url(#b)\"><path d=\"M16.439-18.667h567.123v30.8S438.961-8.4 300-8.4C161.04-8.4 16.438 12.133 16.438 12.133v-30.8Z\" fill=\"#000\"\/><\/g><\/g><defs><clipPath id=\"a\"><path fill=\"#fff\" d=\"M0 0h600v28H0z\"\/><\/clipPath><filter id=\"c\" x=\"5.438\" y=\"-29.667\" width=\"589.123\" height=\"52.8\" filterUnits=\"userSpaceOnUse\" color-interpolation-filters=\"sRGB\"><feFlood flood-opacity=\"0\" result=\"BackgroundImageFix\"\/><feBlend in=\"SourceGraphic\" in2=\"BackgroundImageFix\" result=\"shape\"\/><feGaussianBlur stdDeviation=\"5.5\" result=\"effect1_foregroundBlur_3983_183\"\/><\/filter><\/defs><\/svg><\/div><\/div><\/div><div class=\"fusion-text fusion-text-34\"><p>Capacidad de absorci\u00f3n mas baja en relaci\u00f3n con el medio ambiente de baja humedad que el gel de\u00a0 s\u00edlice\u00a0 de tipo A.<\/p>\n<p>Capacidad de absorci\u00f3n mas alta en ambiente de alta humedad que el gel de\u00a0 s\u00edlice\u00a0 de\u00a0 tipo A.<\/p>\n<p>Mejor que el tipo A en climas tropicales y oce\u00e1nicos.<\/p>\n<p>En un entorno que no necesita una deshidrataci\u00f3n severa.<\/p>\n<p>Se ajusta la humedad y da mejor resultado para proteger la caligraf\u00eda y la pintura, especialmente los artefactos antiguos.<\/p>\n<\/div><div class=\"fusion-image-element fusion-image-align-center in-legacy-container\" style=\"text-align:center;--awb-caption-title-font-family:var(--h2_typography-font-family);--awb-caption-title-font-weight:var(--h2_typography-font-weight);--awb-caption-title-font-style:var(--h2_typography-font-style);--awb-caption-title-size:var(--h2_typography-font-size);--awb-caption-title-transform:var(--h2_typography-text-transform);--awb-caption-title-line-height:var(--h2_typography-line-height);--awb-caption-title-letter-spacing:var(--h2_typography-letter-spacing);\"><div class=\"imageframe-align-center\"><span class=\" fusion-imageframe imageframe-none imageframe-22 hover-type-zoomin\" style=\"border:5px solid #f6f6f6;\"><a href=\"https:\/\/sinchem-europe.com\/wp-content\/uploads\/2016\/11\/1368507178-e1479907734944.jpg\" class=\"fusion-lightbox\" data-rel=\"iLightbox[303fa35fb8c7d6dae52]\" data-title=\"Fragrant Silica Gel\" title=\"Fragrant Silica Gel\"><img decoding=\"async\" width=\"500\" height=\"337\" src=\"https:\/\/sinchem-europe.com\/wp-content\/uploads\/2016\/11\/1368507178-e1479907734944.jpg\" alt class=\"img-responsive wp-image-12113\"\/><\/a><\/span><\/div><\/div><div class=\"fusion-clearfix\"><\/div><\/div><\/div><div class=\"fusion-layout-column fusion_builder_column fusion-builder-column-14 fusion_builder_column_1_4 1_4 fusion-one-fourth\" style=\"--awb-bg-size:cover;width:25%;width:calc(25% - ( ( 4% + 4% + 4% ) * 0.25 ) );margin-right: 4%;\"><div class=\"fusion-column-wrapper fusion-flex-column-wrapper-legacy\"><div class=\"fusion-text fusion-text-35\"><h3 style=\"text-align: center;\"><span style=\"color: #ffffff;\"><span style=\"background-color: #78c4b1;\">\u00a0 \u00a0 \u00a0 \u00a0 \u00a0<span style=\"color: #27357c;\">SIDICCIA\u00ae<\/span>\u00a0 \u00a0 \u00a0 \u00a0<\/span><\/span><\/h3>\n<h4 style=\"text-align: center;\"><span style=\"color: #78c4b1;\">GEL DE SILICE DE COLORES<\/span><\/h4>\n<p>Indican cu\u00e1nta humedad ha sido asimilado y el nivel de humedad en el aire.<\/p>\n<p>Este producto se utiliza principalmente para el secado, lo que indica el grado de sequedad y humedad y es ampliamente utilizado en instrumentos espec\u00edficos, productos farmac\u00e9uticos, en la petroleoqu\u00edmica, para alimentos, ropa, para el cuero, para los electrodom\u00e9sticos y para todo tipo de gases industriales, etc..<\/p>\n<p>Tres tipos: naranja a verde ( SC18), azul sin cobalto y\u00a0 naranja a blanco.<\/p>\n<\/div><div class=\"fusion-image-element fusion-image-align-center in-legacy-container\" style=\"text-align:center;--awb-caption-title-font-family:var(--h2_typography-font-family);--awb-caption-title-font-weight:var(--h2_typography-font-weight);--awb-caption-title-font-style:var(--h2_typography-font-style);--awb-caption-title-size:var(--h2_typography-font-size);--awb-caption-title-transform:var(--h2_typography-text-transform);--awb-caption-title-line-height:var(--h2_typography-line-height);--awb-caption-title-letter-spacing:var(--h2_typography-letter-spacing);\"><div class=\"imageframe-align-center\"><span class=\" fusion-imageframe imageframe-none imageframe-23 hover-type-zoomout\"><a href=\"https:\/\/sinchem-europe.com\/wp-content\/uploads\/2016\/11\/1368504327.jpg\" class=\"fusion-lightbox\" data-rel=\"iLightbox[d8ee6ada64e5405bc6a]\" data-title=\"Orange Silica Gel Indicator\" title=\"Orange Silica Gel Indicator\"><img decoding=\"async\" width=\"350\" height=\"263\" src=\"https:\/\/sinchem-europe.com\/wp-content\/uploads\/2016\/11\/1368504327.jpg\" alt class=\"img-responsive wp-image-12139\" srcset=\"https:\/\/sinchem-europe.com\/wp-content\/uploads\/2016\/11\/1368504327-200x150.jpg 200w, https:\/\/sinchem-europe.com\/wp-content\/uploads\/2016\/11\/1368504327.jpg 350w\" sizes=\"(max-width: 800px) 100vw, 350px\" \/><\/a><\/span><\/div><\/div><div class=\"fusion-sep-clear\"><\/div><div class=\"fusion-separator fusion-full-width-sep\" style=\"margin-left: auto;margin-right: auto;margin-top:5px;margin-bottom:5px;width:100%;\"><\/div><div class=\"fusion-sep-clear\"><\/div><div class=\"fusion-text fusion-text-36\"><h3 style=\"text-align: center;\"><span style=\"background-color: #78c4b1;\"><span style=\"color: #ffffff;\">\u00a0 \u00a0 \u00a0 \u00a0 \u00a0 <\/span><span style=\"color: #27357c;\">CONDITIONED<\/span><span style=\"color: #ffffff;\">\u00a0 \u00a0 \u00a0 \u00a0\u00a0<\/span><\/span><\/h3>\n<\/div><div class=\"fusion-sep-clear\"><\/div><div class=\"fusion-separator fusion-full-width-sep\" style=\"margin-left: auto;margin-right: auto;margin-top:5px;margin-bottom:5px;width:100%;\"><\/div><div class=\"fusion-sep-clear\"><\/div><div class=\"fusion-text fusion-text-37\"><p><img decoding=\"async\" class=\"alignnone size-full wp-image-13873\" src=\"https:\/\/sinchem-europe.com\/wp-content\/uploads\/2017\/04\/INPACK.jpg\" alt=\"\" width=\"625\" height=\"110\" srcset=\"https:\/\/sinchem-europe.com\/wp-content\/uploads\/2017\/04\/INPACK-200x35.jpg 200w, https:\/\/sinchem-europe.com\/wp-content\/uploads\/2017\/04\/INPACK-300x53.jpg 300w, https:\/\/sinchem-europe.com\/wp-content\/uploads\/2017\/04\/INPACK-400x70.jpg 400w, https:\/\/sinchem-europe.com\/wp-content\/uploads\/2017\/04\/INPACK-600x106.jpg 600w, https:\/\/sinchem-europe.com\/wp-content\/uploads\/2017\/04\/INPACK.jpg 625w\" sizes=\"(max-width: 625px) 100vw, 625px\" \/> <img decoding=\"async\" class=\"alignnone size-full wp-image-13872\" src=\"https:\/\/sinchem-europe.com\/wp-content\/uploads\/2017\/04\/MINIPACK.jpg\" alt=\"\" width=\"608\" height=\"92\" srcset=\"https:\/\/sinchem-europe.com\/wp-content\/uploads\/2017\/04\/MINIPACK-200x30.jpg 200w, https:\/\/sinchem-europe.com\/wp-content\/uploads\/2017\/04\/MINIPACK-300x45.jpg 300w, https:\/\/sinchem-europe.com\/wp-content\/uploads\/2017\/04\/MINIPACK-400x61.jpg 400w, https:\/\/sinchem-europe.com\/wp-content\/uploads\/2017\/04\/MINIPACK-600x91.jpg 600w, https:\/\/sinchem-europe.com\/wp-content\/uploads\/2017\/04\/MINIPACK.jpg 608w\" sizes=\"(max-width: 608px) 100vw, 608px\" \/> <img decoding=\"async\" class=\"alignnone size-full wp-image-13871\" src=\"https:\/\/sinchem-europe.com\/wp-content\/uploads\/2017\/04\/sILIPACK.jpg\" alt=\"\" width=\"677\" height=\"92\" srcset=\"https:\/\/sinchem-europe.com\/wp-content\/uploads\/2017\/04\/sILIPACK-200x27.jpg 200w, https:\/\/sinchem-europe.com\/wp-content\/uploads\/2017\/04\/sILIPACK-300x41.jpg 300w, https:\/\/sinchem-europe.com\/wp-content\/uploads\/2017\/04\/sILIPACK-400x54.jpg 400w, https:\/\/sinchem-europe.com\/wp-content\/uploads\/2017\/04\/sILIPACK-600x82.jpg 600w, https:\/\/sinchem-europe.com\/wp-content\/uploads\/2017\/04\/sILIPACK-669x92.jpg 669w, https:\/\/sinchem-europe.com\/wp-content\/uploads\/2017\/04\/sILIPACK.jpg 677w\" sizes=\"(max-width: 677px) 100vw, 677px\" \/> <img decoding=\"async\" class=\"alignnone size-full wp-image-13870\" src=\"https:\/\/sinchem-europe.com\/wp-content\/uploads\/2017\/04\/SINOPACK.jpg\" alt=\"\" width=\"668\" height=\"88\" srcset=\"https:\/\/sinchem-europe.com\/wp-content\/uploads\/2017\/04\/SINOPACK-200x26.jpg 200w, https:\/\/sinchem-europe.com\/wp-content\/uploads\/2017\/04\/SINOPACK-300x40.jpg 300w, https:\/\/sinchem-europe.com\/wp-content\/uploads\/2017\/04\/SINOPACK-400x53.jpg 400w, https:\/\/sinchem-europe.com\/wp-content\/uploads\/2017\/04\/SINOPACK-600x79.jpg 600w, https:\/\/sinchem-europe.com\/wp-content\/uploads\/2017\/04\/SINOPACK.jpg 668w\" sizes=\"(max-width: 668px) 100vw, 668px\" \/><\/p>\n<\/div><div class=\"fusion-sep-clear\"><\/div><div class=\"fusion-separator fusion-full-width-sep\" style=\"margin-left: auto;margin-right: auto;margin-top:5px;margin-bottom:5px;width:100%;\"><\/div><div class=\"fusion-sep-clear\"><\/div><div class=\"fusion-image-element in-legacy-container\" style=\"--awb-caption-title-font-family:var(--h2_typography-font-family);--awb-caption-title-font-weight:var(--h2_typography-font-weight);--awb-caption-title-font-style:var(--h2_typography-font-style);--awb-caption-title-size:var(--h2_typography-font-size);--awb-caption-title-transform:var(--h2_typography-text-transform);--awb-caption-title-line-height:var(--h2_typography-line-height);--awb-caption-title-letter-spacing:var(--h2_typography-letter-spacing);\"><span class=\" fusion-imageframe imageframe-none imageframe-24 hover-type-none\"><img decoding=\"async\" width=\"1024\" height=\"683\" title=\"desicant 02\" src=\"https:\/\/sinchem-europe.com\/wp-content\/uploads\/2017\/04\/desicant-02-e1498751311362.jpg\" alt class=\"img-responsive wp-image-13877\"\/><\/span><\/div><div class=\"fusion-sep-clear\"><\/div><div class=\"fusion-separator fusion-full-width-sep\" style=\"margin-left: auto;margin-right: auto;margin-top:5px;margin-bottom:5px;width:100%;\"><\/div><div class=\"fusion-sep-clear\"><\/div><div class=\"fusion-clearfix\"><\/div><\/div><\/div><div class=\"fusion-layout-column fusion_builder_column fusion-builder-column-15 fusion_builder_column_1_4 1_4 fusion-one-fourth fusion-column-last\" style=\"--awb-bg-color:#27357c;--awb-bg-color-hover:#27357c;--awb-bg-size:cover;width:25%;width:calc(25% - ( ( 4% + 4% + 4% ) * 0.25 ) );\"><div class=\"fusion-column-wrapper fusion-flex-column-wrapper-legacy\"><div class=\"fusion-sep-clear\"><\/div><div class=\"fusion-separator fusion-full-width-sep\" style=\"margin-left: auto;margin-right: auto;margin-top:10px;width:100%;\"><\/div><div class=\"fusion-sep-clear\"><\/div><div class=\"fusion-text fusion-text-38\"><h2 style=\"text-align: center;\"><span style=\"color: #78c4b1;\"><strong>USOS<\/strong><\/span><\/h2>\n<p style=\"text-align: center;\"><span style=\"color: #ffffff;\">AGENTE DE<\/span><br \/>\n<span style=\"color: #ffffff;\">DESHUMIDIFICACION<\/span><\/p>\n<p style=\"text-align: center;\"><span style=\"color: #ffffff;\">ABSORBENTE<\/span><\/p>\n<p style=\"text-align: center;\"><span style=\"color: #ffffff;\">ADSORBENTE<\/span><\/p>\n<p style=\"text-align: center;\"><span style=\"color: #ffffff;\">PROCESOS<\/span><br \/>\n<span style=\"color: #ffffff;\">INDUSTRIALES<\/span><\/p>\n<\/div><div class=\"fusion-text fusion-text-39\"><h2 style=\"text-align: center;\"><span style=\"color: #78c4b1;\"><strong>TAMA\u00d1OS<\/strong><\/span><\/h2>\n<p style=\"text-align: center;\"><span style=\"color: #ffffff;\">CIRCULAR<\/span><\/p>\n<p style=\"text-align: center;\"><span style=\"color: #ffffff;\">de 0.5 a 1.5 mm<\/span><br \/>\n<span style=\"color: #ffffff;\"> de 1 a 3 mm<\/span><br \/>\n<span style=\"color: #ffffff;\"> de 2 a 4 mm<\/span><br \/>\n<span style=\"color: #ffffff;\"> de 3 a 5 mm<\/span><\/p>\n<p style=\"text-align: center;\"><span style=\"color: #ffffff;\">GRANULAR<\/span><\/p>\n<p style=\"text-align: center;\"><span style=\"color: #ffffff;\"> de 0.2 a 1.0 mm<\/span><br \/>\n<span style=\"color: #ffffff;\">&lt; de 0.3 mm<\/span><br \/>\n<span style=\"color: #ffffff;\"> de 0.5 a 1.5 mm<\/span><br \/>\n<span style=\"color: #ffffff;\">de 0.7 a 1.4 mm<\/span><br \/>\n<span style=\"color: #ffffff;\">de 1 a 3 mm<\/span><br \/>\n<span style=\"color: #ffffff;\">de 1 to 6 mm<\/span><\/p>\n<\/div><div class=\"fusion-text fusion-text-40\"><h2 style=\"text-align: center;\"><span style=\"color: #78c4b1;\"><strong>COLORES<br \/>\n<\/strong><\/span><\/h2>\n<p style=\"text-align: center;\"><span style=\"color: #ffffff;\">Transparente<\/span><\/p>\n<p style=\"text-align: center;\"><span style=\"color: #ffffff;\">Azul o Naranja<\/span><\/p>\n<\/div><div class=\"fusion-clearfix\"><\/div><\/div><\/div><\/div><\/div><\/p>","protected":false},"excerpt":{"rendered":"","protected":false},"author":2,"featured_media":0,"parent":0,"menu_order":0,"comment_status":"closed","ping_status":"closed","template":"100-width.php","meta":{"footnotes":""},"aioseo_notices":[],"_links":{"self":[{"href":"https:\/\/sinchem-europe.com\/es\/wp-json\/wp\/v2\/pages\/13569"}],"collection":[{"href":"https:\/\/sinchem-europe.com\/es\/wp-json\/wp\/v2\/pages"}],"about":[{"href":"https:\/\/sinchem-europe.com\/es\/wp-json\/wp\/v2\/types\/page"}],"author":[{"embeddable":true,"href":"https:\/\/sinchem-europe.com\/es\/wp-json\/wp\/v2\/users\/2"}],"replies":[{"embeddable":true,"href":"https:\/\/sinchem-europe.com\/es\/wp-json\/wp\/v2\/comments?post=13569"}],"version-history":[{"count":0,"href":"https:\/\/sinchem-europe.com\/es\/wp-json\/wp\/v2\/pages\/13569\/revisions"}],"wp:attachment":[{"href":"https:\/\/sinchem-europe.com\/es\/wp-json\/wp\/v2\/media?parent=13569"}],"curies":[{"name":"wp","href":"https:\/\/api.w.org\/{rel}","templated":true}]}}