{"id":13571,"date":"2017-03-10T16:47:51","date_gmt":"2017-03-10T15:47:51","guid":{"rendered":"https:\/\/sinchem-europe.com\/?page_id=13571"},"modified":"2017-07-11T17:49:31","modified_gmt":"2017-07-11T15:49:31","slug":"silica-gel-for-industry","status":"publish","type":"page","link":"https:\/\/sinchem-europe.com\/es\/silica-gel-for-industry\/","title":{"rendered":"Gel de s\u00edlice para la industr\u00eda"},"content":{"rendered":"<p><div class=\"fusion-fullwidth fullwidth-box fusion-builder-row-4 nonhundred-percent-fullwidth non-hundred-percent-height-scrolling\" style=\"--awb-border-radius-top-left:0px;--awb-border-radius-top-right:0px;--awb-border-radius-bottom-right:0px;--awb-border-radius-bottom-left:0px;--awb-padding-top:20px;--awb-padding-bottom:20px;--awb-flex-wrap:wrap;\" ><div class=\"fusion-builder-row fusion-row\"><div class=\"fusion-layout-column fusion_builder_column fusion-builder-column-9 fusion_builder_column_1_3 1_3 fusion-one-third fusion-column-first\" style=\"--awb-bg-size:cover;width:33.333333333333%;width:calc(33.333333333333% - ( ( 4% + 4% ) * 0.33333333333333 ) );margin-right: 4%;\"><div class=\"fusion-column-wrapper fusion-flex-column-wrapper-legacy\"><div class=\"fusion-text fusion-text-16\"><h3 style=\"text-align: center;\"><span style=\"color: #ffffff;\"><span style=\"background-color: #78c4b1;\">\u00a0 \u00a0 \u00a0\u00a0<span style=\"color: #27357c;\">SISPOWER\u00ae<\/span>\u00a0 \u00a0 \u00a0 \u00a0<\/span><\/span><\/h3>\n<h4 style=\"text-align: center;\"><span style=\"color: #78c4b1;\">EL GEL DE S\u00cdLICE DE ADSORCI\u00d3N POR CAMBIO DE PRESI\u00d3N &#8211; PSA<\/span><\/h4>\n<p>El PSA puede absorber algunos gases m\u00e1s f\u00e1cilmente que otros gases, as\u00ed que el gas f\u00e1cilmente adsorbido puede permanecer en el gel de s\u00edlice PSA y estar separado de los otros gases. Para reciclar el PSA, despu\u00e9s de haber sido adsorbido el gas debe ser resorbido. Una forma de desorci\u00f3n es hacer una presi\u00f3n al aire en el absorbente inferior a la presi\u00f3n cuando se absorbe el gas. Como la presi\u00f3n atmosf\u00e9rica en el absorbente cambia de manera c\u00edclica, se le llama PSA.<\/p>\n<p>El gel de\u00a0 s\u00edlice\u00a0 PSA tiene un \u00e1rea de superficie espec\u00edfica y un di\u00e1metro de poro promedio superior a los de tipo A.<\/p>\n<p>Superficie espec\u00edfica debe estar por encima de 780 m 2\/g.<\/p>\n<p>El di\u00e1metro de poro promedio por encima de 2 nm.<\/p>\n<p>Mayor capacidad de absorci\u00f3n de balance en baja humedad relativa.<\/p>\n<p>Dos tipos: Tipo H y tipo L<\/p>\n<p>Gel de s\u00edlice al\u00famina se utiliza como PSA en una humedad relativa muy alta.<\/p>\n<p>Estructura r\u00edgida<\/p>\n<p>Alta resistencia mec\u00e1nica.<\/p>\n<p>Sin producci\u00f3n de calor<\/p>\n<p>Se utiliza como catalizador y portador de catalizador en el campo de la qu\u00edmica de aceite, en los secadores, como absorbente de l\u00edquidos, para separar el gas de CO<sub>2<\/sub> y H<sub>2 <\/sub>en la industria y en la fabricaci\u00f3n de urea y NH<sub>3<\/sub> .<\/p>\n<\/div><div class=\"fusion-clearfix\"><\/div><\/div><\/div><div class=\"fusion-layout-column fusion_builder_column fusion-builder-column-10 fusion_builder_column_1_3 1_3 fusion-one-third\" style=\"--awb-bg-size:cover;width:33.333333333333%;width:calc(33.333333333333% - ( ( 4% + 4% ) * 0.33333333333333 ) );margin-right: 4%;\"><div class=\"fusion-column-wrapper fusion-flex-column-wrapper-legacy\"><div class=\"fusion-text fusion-text-17\"><h3 style=\"text-align: center;\"><span style=\"color: #ffffff;\"><span style=\"background-color: #78c4b1;\">\u00a0 \u00a0 \u00a0\u00a0<span style=\"color: #27357c;\">SIS-FNG\u00ae<\/span>\u00a0 \u00a0 \u00a0 \u00a0<\/span><\/span><\/h3>\n<h4 style=\"text-align: center;\"><span style=\"color: #78c4b1;\">FNG &#8211; GEL DE S\u00cdLICE HIDR\u00d3FUGO<\/span><\/h4>\n<p>Dos formas:<\/p>\n<p>El tipo de perla es ampliamente utilizado, como catalizador, para secar y absorber el acetileno y di\u00f3xido de carbono, para evitar que las m\u00e1quinas utilizadas en la separaci\u00f3n de gas congelen y se bloqueen. Como es impermeable al agua, se utiliza generalmente como columna de protecci\u00f3n para secar el gas antes de entrar en el absorbente, por lo que el gel de s\u00edlice a poros estrechos no se fractura porque el agua contenido en el gas ya ha sido secada por el gel de s\u00edlice resistente al agua.<\/p>\n<p>El FNG de tipo granular puede utilizarse para refinar el agua. Puede ser reciclado despu\u00e9s de lavado y secado. Puede ser utilizado en el acuario; Puede quitar el olor a pez y los nitritos en agua.<\/p>\n<\/div><div class=\"fusion-clearfix\"><\/div><\/div><\/div><div class=\"fusion-layout-column fusion_builder_column fusion-builder-column-11 fusion_builder_column_1_3 1_3 fusion-one-third fusion-column-last\" style=\"--awb-bg-color:#27357c;--awb-bg-color-hover:#27357c;--awb-bg-size:cover;width:33.333333333333%;width:calc(33.333333333333% - ( ( 4% + 4% ) * 0.33333333333333 ) );\"><div class=\"fusion-column-wrapper fusion-flex-column-wrapper-legacy\"><div class=\"fusion-sep-clear\"><\/div><div class=\"fusion-separator fusion-full-width-sep\" style=\"margin-left: auto;margin-right: auto;margin-top:10px;width:100%;\"><\/div><div class=\"fusion-sep-clear\"><\/div><div class=\"fusion-text fusion-text-18\"><h2 style=\"text-align: center;\"><span style=\"color: #78c4b1;\"><strong>USOS<\/strong><\/span><\/h2>\n<p style=\"text-align: center;\"><span style=\"color: #ffffff;\">AGENTE DE<\/span><br \/>\n<span style=\"color: #ffffff;\">DESHUMIDIFICACION<\/span><\/p>\n<p style=\"text-align: center;\"><span style=\"color: #ffffff;\">ABSORBENTE<\/span><\/p>\n<p style=\"text-align: center;\"><span style=\"color: #ffffff;\">ADSORBENTE<\/span><\/p>\n<p style=\"text-align: center;\"><span style=\"color: #ffffff;\">PROCESOS<\/span><br \/>\n<span style=\"color: #ffffff;\">INDUSTRIALES<\/span><\/p>\n<\/div><div class=\"fusion-text fusion-text-19\"><h2 style=\"text-align: center;\"><span style=\"color: #78c4b1;\"><strong>TAMA\u00d1OS<\/strong><\/span><\/h2>\n<p style=\"text-align: center;\"><span style=\"color: #ffffff;\">CIRCULAR<\/span><\/p>\n<p style=\"text-align: center;\"><span style=\"color: #ffffff;\">de 0.5 a 1.5 mm<\/span><br \/>\n<span style=\"color: #ffffff;\"> de 1 a 3 mm<\/span><br \/>\n<span style=\"color: #ffffff;\"> de 2 a 4 mm<\/span><br \/>\n<span style=\"color: #ffffff;\"> de 3 a 5 mm<\/span><\/p>\n<p style=\"text-align: center;\"><span style=\"color: #ffffff;\">GRANULAR<\/span><\/p>\n<p style=\"text-align: center;\"><span style=\"color: #ffffff;\"> de 0.2 a 1.0 mm<\/span><br \/>\n<span style=\"color: #ffffff;\">&lt; de 0.3 mm<\/span><br \/>\n<span style=\"color: #ffffff;\"> de 0.5 a 1.5 mm<\/span><br \/>\n<span style=\"color: #ffffff;\">de 0.7 a 1.4 mm<\/span><br \/>\n<span style=\"color: #ffffff;\">de 1 a 3 mm<\/span><br \/>\n<span style=\"color: #ffffff;\">de 1 to 6 mm<\/span><\/p>\n<\/div><div class=\"fusion-text fusion-text-20\"><h2 style=\"text-align: center;\"><span style=\"color: #78c4b1;\"><strong>COLORES<br \/>\n<\/strong><\/span><\/h2>\n<p style=\"text-align: center;\"><span style=\"color: #ffffff;\">Transparente<\/span><\/p>\n<p style=\"text-align: center;\"><span style=\"color: #ffffff;\">Azul o Naranja<\/span><\/p>\n<\/div><div class=\"fusion-clearfix\"><\/div><\/div><\/div><\/div><\/div><\/p>","protected":false},"excerpt":{"rendered":"","protected":false},"author":2,"featured_media":0,"parent":0,"menu_order":0,"comment_status":"closed","ping_status":"closed","template":"100-width.php","meta":{"footnotes":""},"aioseo_notices":[],"_links":{"self":[{"href":"https:\/\/sinchem-europe.com\/es\/wp-json\/wp\/v2\/pages\/13571"}],"collection":[{"href":"https:\/\/sinchem-europe.com\/es\/wp-json\/wp\/v2\/pages"}],"about":[{"href":"https:\/\/sinchem-europe.com\/es\/wp-json\/wp\/v2\/types\/page"}],"author":[{"embeddable":true,"href":"https:\/\/sinchem-europe.com\/es\/wp-json\/wp\/v2\/users\/2"}],"replies":[{"embeddable":true,"href":"https:\/\/sinchem-europe.com\/es\/wp-json\/wp\/v2\/comments?post=13571"}],"version-history":[{"count":0,"href":"https:\/\/sinchem-europe.com\/es\/wp-json\/wp\/v2\/pages\/13571\/revisions"}],"wp:attachment":[{"href":"https:\/\/sinchem-europe.com\/es\/wp-json\/wp\/v2\/media?parent=13571"}],"curies":[{"name":"wp","href":"https:\/\/api.w.org\/{rel}","templated":true}]}}