{"id":13576,"date":"2017-03-10T16:50:44","date_gmt":"2017-03-10T15:50:44","guid":{"rendered":"https:\/\/sinchem-europe.com\/?page_id=13576"},"modified":"2017-07-09T12:03:36","modified_gmt":"2017-07-09T10:03:36","slug":"sodium-silicate","status":"publish","type":"page","link":"https:\/\/sinchem-europe.com\/es\/sodium-silicate\/","title":{"rendered":"Silicato de Sodio"},"content":{"rendered":"<p><div class=\"fusion-fullwidth fullwidth-box fusion-builder-row-4 nonhundred-percent-fullwidth non-hundred-percent-height-scrolling\" style=\"--awb-border-radius-top-left:0px;--awb-border-radius-top-right:0px;--awb-border-radius-bottom-right:0px;--awb-border-radius-bottom-left:0px;--awb-padding-top:0px;--awb-padding-bottom:20px;--awb-background-color:#78c4b1;--awb-flex-wrap:wrap;\" ><div class=\"fusion-builder-row fusion-row\"><div class=\"fusion-layout-column fusion_builder_column fusion-builder-column-3 fusion_builder_column_1_1 1_1 fusion-one-full fusion-column-first fusion-column-last\" style=\"--awb-padding-right:20px;--awb-bg-color:#78c4b1;--awb-bg-color-hover:#78c4b1;--awb-bg-size:cover;\"><div class=\"fusion-column-wrapper fusion-flex-column-wrapper-legacy\"><div class=\"fusion-builder-row fusion-builder-row-inner fusion-row\"><div class=\"fusion-layout-column fusion_builder_column_inner fusion-builder-nested-column-6 fusion_builder_column_inner_1_2 1_2 fusion-one-half fusion-column-first\" style=\"--awb-bg-size:cover;width:50%;width:calc(50% - ( ( 4% ) * 0.5 ) );margin-right: 4%;\"><div class=\"fusion-column-wrapper fusion-flex-column-wrapper-legacy\"><div class=\"fusion-text fusion-text-10\"><h3>El <strong>silicato de sodio<\/strong> o <strong>silicato s\u00f3dico<\/strong> (nombre com\u00fan del compuesto metasilicato de sodio), tambi\u00e9n conocido como <strong>vidrio soluble<\/strong>, es una sustancia inorg\u00e1nica, de f\u00f3rmula Na2SiO3 que se encuentra en soluciones acuosas y tambi\u00e9n en forma s\u00f3lida en muchos compuestos.<\/h3>\n<\/div><div class=\"fusion-clearfix\"><\/div><\/div><\/div><div class=\"fusion-layout-column fusion_builder_column_inner fusion-builder-nested-column-7 fusion_builder_column_inner_1_2 1_2 fusion-one-half fusion-column-last\" style=\"--awb-bg-size:cover;width:50%;width:calc(50% - ( ( 4% ) * 0.5 ) );\"><div class=\"fusion-column-wrapper fusion-flex-column-wrapper-legacy\"><div class=\"fusion-text fusion-text-11\"><h3><strong>Utilizaci\u00f3n:<\/strong> cemento, impermeabilizadores, refractores, procesos textiles, tratamiento de agua, preservaci\u00f3n de alimentos, carros, etc&#8230;<\/h3>\n<\/div><div class=\"fusion-clearfix\"><\/div><\/div><\/div><\/div><div class=\"fusion-text fusion-text-12\"><p><img decoding=\"async\" class=\"alignnone wp-image-13888\" src=\"https:\/\/sinchem-europe.com\/wp-content\/uploads\/2017\/03\/sodium-silicate.jpg\" alt=\"\" width=\"376\" height=\"250\" srcset=\"https:\/\/sinchem-europe.com\/wp-content\/uploads\/2017\/03\/sodium-silicate-200x133.jpg 200w, https:\/\/sinchem-europe.com\/wp-content\/uploads\/2017\/03\/sodium-silicate-300x200.jpg 300w, https:\/\/sinchem-europe.com\/wp-content\/uploads\/2017\/03\/sodium-silicate-400x266.jpg 400w, https:\/\/sinchem-europe.com\/wp-content\/uploads\/2017\/03\/sodium-silicate-600x399.jpg 600w, https:\/\/sinchem-europe.com\/wp-content\/uploads\/2017\/03\/sodium-silicate-768x511.jpg 768w, https:\/\/sinchem-europe.com\/wp-content\/uploads\/2017\/03\/sodium-silicate-800x532.jpg 800w, https:\/\/sinchem-europe.com\/wp-content\/uploads\/2017\/03\/sodium-silicate.jpg 1000w\" sizes=\"(max-width: 376px) 100vw, 376px\" \/>\u00a0 \u00a0 \u00a0 \u00a0<img decoding=\"async\" class=\"alignnone wp-image-13494 size-full\" src=\"https:\/\/sinchem-europe.com\/wp-content\/uploads\/2017\/02\/Mines08-e1487693038927.png\" alt=\"\" width=\"367\" height=\"250\" \/>\u00a0 \u00a0 \u00a0 \u00a0<img decoding=\"async\" class=\"alignnone wp-image-13597\" src=\"https:\/\/sinchem-europe.com\/wp-content\/uploads\/2017\/03\/Image2.png\" alt=\"\" width=\"274\" height=\"250\" srcset=\"https:\/\/sinchem-europe.com\/wp-content\/uploads\/2017\/03\/Image2-200x182.png 200w, https:\/\/sinchem-europe.com\/wp-content\/uploads\/2017\/03\/Image2.png 249w\" sizes=\"(max-width: 274px) 100vw, 274px\" \/><\/p>\n<\/div><div class=\"fusion-clearfix\"><\/div><\/div><\/div><\/div><\/div><\/p>","protected":false},"excerpt":{"rendered":"","protected":false},"author":2,"featured_media":0,"parent":0,"menu_order":0,"comment_status":"closed","ping_status":"closed","template":"100-width.php","meta":{"footnotes":""},"aioseo_notices":[],"_links":{"self":[{"href":"https:\/\/sinchem-europe.com\/es\/wp-json\/wp\/v2\/pages\/13576"}],"collection":[{"href":"https:\/\/sinchem-europe.com\/es\/wp-json\/wp\/v2\/pages"}],"about":[{"href":"https:\/\/sinchem-europe.com\/es\/wp-json\/wp\/v2\/types\/page"}],"author":[{"embeddable":true,"href":"https:\/\/sinchem-europe.com\/es\/wp-json\/wp\/v2\/users\/2"}],"replies":[{"embeddable":true,"href":"https:\/\/sinchem-europe.com\/es\/wp-json\/wp\/v2\/comments?post=13576"}],"version-history":[{"count":0,"href":"https:\/\/sinchem-europe.com\/es\/wp-json\/wp\/v2\/pages\/13576\/revisions"}],"wp:attachment":[{"href":"https:\/\/sinchem-europe.com\/es\/wp-json\/wp\/v2\/media?parent=13576"}],"curies":[{"name":"wp","href":"https:\/\/api.w.org\/{rel}","templated":true}]}}