{"id":13594,"date":"2017-03-10T17:24:32","date_gmt":"2017-03-10T16:24:32","guid":{"rendered":"https:\/\/sinchem-europe.com\/?page_id=13594"},"modified":"2017-07-11T17:54:06","modified_gmt":"2017-07-11T15:54:06","slug":"micronized-silicas-for-industry","status":"publish","type":"page","link":"https:\/\/sinchem-europe.com\/es\/micronized-silicas-for-industry\/","title":{"rendered":"S\u00edlice micronizada para la Industria"},"content":{"rendered":"<p><div class=\"fusion-fullwidth fullwidth-box fusion-builder-row-4 nonhundred-percent-fullwidth non-hundred-percent-height-scrolling\" style=\"--awb-border-radius-top-left:0px;--awb-border-radius-top-right:0px;--awb-border-radius-bottom-right:0px;--awb-border-radius-bottom-left:0px;--awb-padding-top:20px;--awb-padding-bottom:20px;--awb-flex-wrap:wrap;\" ><div class=\"fusion-builder-row fusion-row\"><div class=\"fusion-layout-column fusion_builder_column fusion-builder-column-11 fusion_builder_column_1_4 1_4 fusion-one-fourth fusion-column-first\" style=\"--awb-bg-size:cover;width:25%;width:calc(25% - ( ( 4% + 4% + 4% ) * 0.25 ) );margin-right: 4%;\"><div class=\"fusion-column-wrapper fusion-flex-column-wrapper-legacy\"><div class=\"fusion-text fusion-text-19\"><h3 style=\"text-align: center;\"><span style=\"color: #ffffff;\"><span style=\"background-color: #78c4b1;\">\u00a0 \u00a0 \u00a0\u00a0<span style=\"color: #27357c;\">SIS-MICRO\u00ae<\/span>\u00a0 \u00a0 \u00a0\u00a0<\/span><\/span><\/h3>\n<h4 style=\"text-align: center;\"><span style=\"color: #78c4b1;\">GEL DE S\u00cdLICE MICRONIZADO<\/span><\/h4>\n<p>La s\u00edlice micronizada es s\u00edlice sint\u00e9tico en polvo, amorfo, poroso y \u00e1cido-base, que var\u00edan en tama\u00f1o de 2 micras hasta 20 micras.<\/p>\n<p>Los productos en s\u00edlice micronizada ofrecen a los desarrolladores y usuarios, un excelente equilibrio y solidas propiedades para satisfacer los requisitos de rendimiento.<\/p>\n<p>Los productos de s\u00edlice micronizada est\u00e1n manufacturados seg\u00fan estrictos est\u00e1ndares de calidad, pureza y uniformidad.<\/p>\n<p><strong>Volumen de los poros<\/strong>:<br \/>\no.4 to 2.5 cc\/g<br \/>\n<strong>Surface \u00c1rea<\/strong>:<br \/>\n200 to 800 M2\/g<\/p>\n<p><b>Absorci\u00f3n de aceite<\/b>:<br \/>\n90 to 400 cc\/100g<\/p>\n<p><b>Tratamiento de superficie<\/b>:<br \/>\nOrganicos e inorganicos<\/p>\n<\/div><div class=\"fusion-clearfix\"><\/div><\/div><\/div><div class=\"fusion-layout-column fusion_builder_column fusion-builder-column-12 fusion_builder_column_1_4 1_4 fusion-one-fourth\" style=\"--awb-bg-size:cover;width:25%;width:calc(25% - ( ( 4% + 4% + 4% ) * 0.25 ) );margin-right: 4%;\"><div class=\"fusion-column-wrapper fusion-flex-column-wrapper-legacy\"><div class=\"fusion-text fusion-text-20\"><h3 style=\"text-align: center;\"><span style=\"color: #ffffff;\"><span style=\"background-color: #78c4b1;\">\u00a0 \u00a0 \u00a0\u00a0<span style=\"color: #27357c;\">SIS-CX\u00ae<\/span>\u00a0 \u00a0 \u00a0 \u00a0<\/span><\/span><\/h3>\n<h4 style=\"text-align: center;\"><span style=\"color: #78c4b1;\">CROMATOGRAF\u00cdA EN COLUMNA DE GEL DE S\u00cdLICE<\/span><\/h4>\n<div class=\"fusion-image-element fusion-image-align-center in-legacy-container\" style=\"text-align:center;--awb-caption-title-font-family:var(--h2_typography-font-family);--awb-caption-title-font-weight:var(--h2_typography-font-weight);--awb-caption-title-font-style:var(--h2_typography-font-style);--awb-caption-title-size:var(--h2_typography-font-size);--awb-caption-title-transform:var(--h2_typography-text-transform);--awb-caption-title-line-height:var(--h2_typography-line-height);--awb-caption-title-letter-spacing:var(--h2_typography-letter-spacing);\"><div class=\"imageframe-align-center\"><span class=\" fusion-imageframe imageframe-none imageframe-4 hover-type-zoomin\"><img decoding=\"async\" width=\"261\" height=\"197\" title=\"chromato2\" src=\"http:\/\/sinchem-europe.com\/wp-content\/uploads\/2014\/11\/Chromato2.jpg\" alt class=\"img-responsive wp-image-12349\" srcset=\"https:\/\/sinchem-europe.com\/wp-content\/uploads\/2014\/11\/Chromato2-200x151.jpg 200w, https:\/\/sinchem-europe.com\/wp-content\/uploads\/2014\/11\/Chromato2.jpg 261w\" sizes=\"(max-width: 800px) 100vw, 261px\" \/><\/span><\/div><\/div>\n<p>La cromatograf\u00eda en columna de gel de s\u00edlice tambi\u00e9n se llama procesador de cromatograf\u00eda. Es la principal t\u00e9cnica cromatograf\u00eda para separar y refinar el material industrial.<br \/>\nLa cromatograf\u00eda en columna, se utiliza principalmente para separar y refinar productos qu\u00edmicos sint\u00e9ticos y sustancias bioactivas para obtener sustancias de alta pureza por absorci\u00f3n.<br \/>\nTambi\u00e9n se utiliza para absorber prote\u00ednas de alto peso molecular en la fermentaci\u00f3n industrial, para refinar la sustancia org\u00e1nica por el proceso de deshidrataci\u00f3n, para limpiar los aceites vegetales comestibles y los productos de petr\u00f3leo por absorci\u00f3n.<br \/>\nEn los \u00faltimos a\u00f1os, la aplicaci\u00f3n de la cromatograf\u00eda en columna est\u00e1 creciendo r\u00e1pidamente en el campo de los productos biofarmac\u00e9uticos. Ya se utiliza en la producci\u00f3n industrializada de medicamentos como la artemisinina, paclitaxel, solanesol, polifenoles, catequinas, coenzima Q10, \u00e1cido uroquinasa, etc&#8230;.<br \/>\nCromatograf\u00eda en capa fina y en placa<br \/>\nLa cromatograf\u00eda en capa fina de Gel de s\u00edlice se utiliza en los an\u00e1lisis r\u00e1pidos cualitativos o cuantitativos de sustancias org\u00e1nicas.<br \/>\nSe aplica extensamente para identificar y separar los ingredientes principales de la medicina, en pesticidas, en medicina china, en alimentos y productos qu\u00edmicos para limpiar las impurezas.<br \/>\nHay cuatro tipos comunes utilizados en capa fina: H, G, HF254 y GF254. Tipo G y GF254 contengan 2-10% de yeso (CaSO4 \u00b7 1 \/ 2H2O), por lo que se pueden hacer en hojas finas para ampliar sus aplicaciones.<\/p>\n<\/div><div class=\"fusion-clearfix\"><\/div><\/div><\/div><div class=\"fusion-layout-column fusion_builder_column fusion-builder-column-13 fusion_builder_column_1_4 1_4 fusion-one-fourth\" style=\"--awb-bg-size:cover;width:25%;width:calc(25% - ( ( 4% + 4% + 4% ) * 0.25 ) );margin-right: 4%;\"><div class=\"fusion-column-wrapper fusion-flex-column-wrapper-legacy\"><div class=\"fusion-text fusion-text-21\"><h3 style=\"text-align: center;\"><span style=\"color: #ffffff;\"><span style=\"background-color: #78c4b1;\">\u00a0 \u00a0 \u00a0\u00a0<span style=\"color: #27357c;\">SIBEER\u00ae<\/span>\u00a0 \u00a0 \u00a0 \u00a0<\/span><\/span><\/h3>\n<h4 style=\"text-align: center;\"><span style=\"color: #78c4b1;\">ESTABILIZADOR PARA CERVEZA<\/span><\/h4>\n<p>El gel de s\u00edlice absorbe en pocos minutos las prote\u00ednas que enturbian la cerveza y luego se elimina por filtraci\u00f3n. El gel de\u00a0 s\u00edlice\u00a0 puede prolongar el per\u00edodo de almacenamiento de la cerveza de 180-240 d\u00edas y mantener la cerveza sin una turbiedad fr\u00eda. No afecta el gusto o la espuma de la cerveza. Gracias a sus propiedades f\u00edsicas y qu\u00edmicas superiores, no tiene ning\u00fan efecto adverso sobre la espuma de cerveza o el gusto. Es probado por la pr\u00e1ctica que el gel de s\u00edlice de la cerveza es el m\u00e1s seguro estabilizador de cerveza generalmente reconocida por la industria en todo el mundo.<\/p>\n<p>Permite mejorar el efecto de la filtraci\u00f3n. Es qu\u00edmicamente estable y no es soluble en la cerveza. Su superficie y su estructura porosa es superior a la diatomea. Es una especie de filtro ideal ayudando a la diatomea de filtraci\u00f3n, lo que hace la cerveza m\u00e1s brillante y m\u00e1s clara.<\/p>\n<p>Hay dos m\u00e9todos de transformaci\u00f3n de la cerveza, un estabilizador biol\u00f3gica (proceso de esterilizaci\u00f3n) y estabilizaci\u00f3n de gel estabilizador. Los tratamientos por gel estabilizador est\u00e1n basados en gel de s\u00edlice.<\/p>\n<p>El Gel de s\u00edlice de la cerveza tiene una alta superficie espec\u00edfica y muchas estructuras de poros muy finos.<\/p>\n<\/div><div class=\"fusion-clearfix\"><\/div><\/div><\/div><div class=\"fusion-layout-column fusion_builder_column fusion-builder-column-14 fusion_builder_column_1_4 1_4 fusion-one-fourth fusion-column-last\" style=\"--awb-bg-color:#27357c;--awb-bg-color-hover:#27357c;--awb-bg-size:cover;width:25%;width:calc(25% - ( ( 4% + 4% + 4% ) * 0.25 ) );\"><div class=\"fusion-column-wrapper fusion-flex-column-wrapper-legacy\"><div class=\"fusion-sep-clear\"><\/div><div class=\"fusion-separator fusion-full-width-sep\" style=\"margin-left: auto;margin-right: auto;margin-top:10px;width:100%;\"><\/div><div class=\"fusion-sep-clear\"><\/div><div class=\"fusion-text fusion-text-22\"><h2 style=\"text-align: center;\"><span style=\"color: #78c4b1;\"><strong>USOS<\/strong><\/span><\/h2>\n<p style=\"text-align: center;\"><span style=\"color: #ffffff;\">AGENTE DE<\/span><br \/>\n<span style=\"color: #ffffff;\">DESHUMIDIFICACION<\/span><\/p>\n<p style=\"text-align: center;\"><span style=\"color: #ffffff;\">ABSORBENTE<\/span><\/p>\n<p style=\"text-align: center;\"><span style=\"color: #ffffff;\">ADSORBENTE<\/span><\/p>\n<p style=\"text-align: center;\"><span style=\"color: #ffffff;\">PROCESOS<\/span><br \/>\n<span style=\"color: #ffffff;\">INDUSTRIALES<\/span><\/p>\n<\/div><div class=\"fusion-text fusion-text-23\"><h2 style=\"text-align: center;\"><span style=\"color: #78c4b1;\"><strong>TAMA\u00d1OS<\/strong><\/span><\/h2>\n<p style=\"text-align: center;\"><span style=\"color: #ffffff;\">CIRCULAR<\/span><\/p>\n<p style=\"text-align: center;\"><span style=\"color: #ffffff;\">de 0.5 a 1.5 mm<\/span><br \/>\n<span style=\"color: #ffffff;\"> de 1 a 3 mm<\/span><br \/>\n<span style=\"color: #ffffff;\"> de 2 a 4 mm<\/span><br \/>\n<span style=\"color: #ffffff;\"> de 3 a 5 mm<\/span><\/p>\n<p style=\"text-align: center;\"><span style=\"color: #ffffff;\">GRANULAR<\/span><\/p>\n<p style=\"text-align: center;\"><span style=\"color: #ffffff;\"> de 0.2 a 1.0 mm<\/span><br \/>\n<span style=\"color: #ffffff;\">&lt; de 0.3 mm<\/span><br \/>\n<span style=\"color: #ffffff;\"> de 0.5 a 1.5 mm<\/span><br \/>\n<span style=\"color: #ffffff;\">de 0.7 a 1.4 mm<\/span><br \/>\n<span style=\"color: #ffffff;\">de 1 a 3 mm<\/span><br \/>\n<span style=\"color: #ffffff;\">de 1 to 6 mm<\/span><\/p>\n<\/div><div class=\"fusion-text fusion-text-24\"><h2 style=\"text-align: center;\"><span style=\"color: #78c4b1;\"><strong>COLORES<br \/>\n<\/strong><\/span><\/h2>\n<p style=\"text-align: center;\"><span style=\"color: #ffffff;\">Transparente<\/span><\/p>\n<p style=\"text-align: center;\"><span style=\"color: #ffffff;\">Azul o Naranja<\/span><\/p>\n<\/div><div class=\"fusion-clearfix\"><\/div><\/div><\/div><\/div><\/div><\/p>","protected":false},"excerpt":{"rendered":"","protected":false},"author":2,"featured_media":0,"parent":0,"menu_order":0,"comment_status":"closed","ping_status":"closed","template":"100-width.php","meta":{"footnotes":""},"aioseo_notices":[],"_links":{"self":[{"href":"https:\/\/sinchem-europe.com\/es\/wp-json\/wp\/v2\/pages\/13594"}],"collection":[{"href":"https:\/\/sinchem-europe.com\/es\/wp-json\/wp\/v2\/pages"}],"about":[{"href":"https:\/\/sinchem-europe.com\/es\/wp-json\/wp\/v2\/types\/page"}],"author":[{"embeddable":true,"href":"https:\/\/sinchem-europe.com\/es\/wp-json\/wp\/v2\/users\/2"}],"replies":[{"embeddable":true,"href":"https:\/\/sinchem-europe.com\/es\/wp-json\/wp\/v2\/comments?post=13594"}],"version-history":[{"count":0,"href":"https:\/\/sinchem-europe.com\/es\/wp-json\/wp\/v2\/pages\/13594\/revisions"}],"wp:attachment":[{"href":"https:\/\/sinchem-europe.com\/es\/wp-json\/wp\/v2\/media?parent=13594"}],"curies":[{"name":"wp","href":"https:\/\/api.w.org\/{rel}","templated":true}]}}