{"id":14398,"date":"2017-09-29T14:16:10","date_gmt":"2017-09-29T12:16:10","guid":{"rendered":"https:\/\/sinchem-europe.com\/?page_id=14398"},"modified":"2017-11-13T19:02:21","modified_gmt":"2017-11-13T18:02:21","slug":"mentions-legales-2","status":"publish","type":"page","link":"https:\/\/sinchem-europe.com\/es\/mentions-legales-2\/","title":{"rendered":"Mentions l\u00e9gales"},"content":{"rendered":"<p><\/p>\n<h3>MENCIONES LEGALES<\/h3>\n<p>De acuerdo con lo establecido en el art. 10 de la Ley 34\/2002, de 11 de julio, de Servicios de la Sociedad de la Informaci\u00f3n y Comercio Electr\u00f3nico, se exponen los datos identificativos de la empresa.<\/p>\n<ul>\n<li><strong>Denominaci\u00f3n social<\/strong>: SINCHEM EUROPE SASU<\/li>\n<li><strong>NIF<\/strong>: 831370341<\/li>\n<li><strong>Sede social<\/strong>: 16 rue des Juifs, 67000 Strasbourg, Francia<\/li>\n<li><strong>Datos de inscripci\u00f3n en el Registro mercantil<\/strong>:\n<ul>\n<li>Registro mercantil de Strasbourg, Francia<\/li>\n<\/ul>\n<\/li>\n<\/ul>\n<p>Este sitio web incluye un formulario de contacto, a rellenar por particular o empresa, en el cual se solicitan datos tales como el nombre, n\u00famero de tel\u00e9fono, correo electr\u00f3nico, etc. Esta informaci\u00f3n se integra en nuestros ficheros, que se encuentran adecuadamente inscritos en el registro de la Agencia Espa\u00f1ola de Protecci\u00f3n de Datos.<\/p>\n<p>El tratamiento de estos datos se realiza conforme a las medidas de seguridad establecidas en la Ley Org\u00e1nica 15\/1999, de 13 de diciembre, de Protecci\u00f3n de Datos de Car\u00e1cter Personal.<\/p>\n<p>En todo momento, el interesado podr\u00e1 ejercer sus derechos de acceso, rectificaci\u00f3n o cancelaci\u00f3n en relaci\u00f3n con los datos proporcionados en el formulario, dirigiendo su solicitud a la direcci\u00f3n de correo electr\u00f3nico de la empresa.<\/p>","protected":false},"excerpt":{"rendered":"<p>MENCIONES LEGALES De acuerdo con lo establecido en el art. 10 de la Ley 34\/2002, de 11 de julio, de Servicios de la Sociedad de la Informaci\u00f3n y Comercio Electr\u00f3nico, se exponen los datos identificativos de la empresa. Denominaci\u00f3n social: SINCHEM EUROPE SASU NIF: 831370341 Sede social: 16 rue des Juifs, 67000 Strasbourg, Francia Datos de  [&#8230;]<\/p>\n","protected":false},"author":1,"featured_media":0,"parent":0,"menu_order":0,"comment_status":"closed","ping_status":"closed","template":"","meta":{"footnotes":""},"aioseo_notices":[],"_links":{"self":[{"href":"https:\/\/sinchem-europe.com\/es\/wp-json\/wp\/v2\/pages\/14398"}],"collection":[{"href":"https:\/\/sinchem-europe.com\/es\/wp-json\/wp\/v2\/pages"}],"about":[{"href":"https:\/\/sinchem-europe.com\/es\/wp-json\/wp\/v2\/types\/page"}],"author":[{"embeddable":true,"href":"https:\/\/sinchem-europe.com\/es\/wp-json\/wp\/v2\/users\/1"}],"replies":[{"embeddable":true,"href":"https:\/\/sinchem-europe.com\/es\/wp-json\/wp\/v2\/comments?post=14398"}],"version-history":[{"count":0,"href":"https:\/\/sinchem-europe.com\/es\/wp-json\/wp\/v2\/pages\/14398\/revisions"}],"wp:attachment":[{"href":"https:\/\/sinchem-europe.com\/es\/wp-json\/wp\/v2\/media?parent=14398"}],"curies":[{"name":"wp","href":"https:\/\/api.w.org\/{rel}","templated":true}]}}