{"id":12389,"date":"2016-12-14T10:22:57","date_gmt":"2016-12-14T09:22:57","guid":{"rendered":"https:\/\/sinchem-europe.com\/?page_id=12389"},"modified":"2017-08-11T16:54:58","modified_gmt":"2017-08-11T14:54:58","slug":"silica-gel-cat-litters","status":"publish","type":"page","link":"https:\/\/sinchem-europe.com\/fr\/silica-gel-cat-litters\/","title":{"rendered":"Liti\u00e8res pour Chat en Silice"},"content":{"rendered":"<p><div class=\"fusion-bg-parallax\" data-bg-align=\"center center\" data-direction=\"down\" data-mute=\"false\" data-opacity=\"100\" data-velocity=\"-0.3\" data-mobile-enabled=\"false\" data-break_parents=\"0\" data-bg-image=\"https:\/\/sinchem-europe.com\/wp-content\/uploads\/2016\/12\/Products-cercles-litieres-2.jpg\" data-bg-repeat=\"false\" ><\/div><div class=\"fusion-fullwidth fullwidth-box fusion-builder-row-3 fusion-parallax-down nonhundred-percent-fullwidth non-hundred-percent-height-scrolling\" style=\"--awb-border-radius-top-left:0px;--awb-border-radius-top-right:0px;--awb-border-radius-bottom-right:0px;--awb-border-radius-bottom-left:0px;--awb-padding-top:20px;--awb-padding-bottom:20px;--awb-background-image:url(&quot;https:\/\/sinchem-europe.com\/wp-content\/uploads\/2016\/12\/Products-cercles-litieres-2.jpg&quot;);--awb-background-size:cover;--awb-flex-wrap:wrap;\" ><div class=\"fusion-builder-row fusion-row\"><div class=\"fusion-layout-column fusion_builder_column fusion-builder-column-4 fusion_builder_column_1_2 1_2 fusion-one-half fusion-column-first\" style=\"--awb-bg-size:cover;width:50%;width:calc(50% - ( ( 4% + 4% ) * 0.5 ) );margin-right: 4%;\"><div class=\"fusion-column-wrapper fusion-flex-column-wrapper-legacy\"><div class=\"fusion-text fusion-text-23\"><h1><span style=\"color: #386157;\">CRIT\u00c8RES POUR LA SELECTION DE LA LITIERE<\/span><\/h1>\n<\/div><div class=\"fusion-text fusion-text-24\"><h3><strong>NETTOYAGE<\/strong>\u00a0:<br \/>\nla fr\u00e9quence de nettoyage et de la facilit\u00e9.<\/h3>\n<\/div><div class=\"fusion-text fusion-text-25\"><h3><strong>ABSORPTION<\/strong>\u00a0:<br \/>\nla rapidit\u00e9 et la quantit\u00e9 d\u2019absorption d\u2019eau.<\/h3>\n<\/div><div class=\"fusion-text fusion-text-26\"><h3><strong>PROTECTION DE L\u2019ENVIRONNEMENT<\/strong>\u00a0:<br \/>\nl\u2019impact \u00e9cologique de la liti\u00e8re pour chat au cours de sa fabrication, de son transport, \u00e0 l\u2019int\u00e9rieur de la maison et la proc\u00e9dure de traitement post\u00e9rieur.<\/h3>\n<\/div><div class=\"fusion-text fusion-text-27\"><h3><strong>AGGLOM\u00c9RATION<\/strong>\u00a0:<br \/>\nle degr\u00e9 d\u2019agglom\u00e9rat et les besoins.<\/h3>\n<\/div><div class=\"fusion-text fusion-text-28\"><h3><strong>D\u00c9SODORISATION<\/strong>\u00a0:<br \/>\nle degr\u00e9 de neutralisation de l\u2019odeur, sa rapidit\u00e9 et sa dur\u00e9e.<\/h3>\n<\/div><div class=\"fusion-text fusion-text-29\"><h3><strong>CONFORT<\/strong>\u00a0:<br \/>\nla douceur pour le chat, le chaton et les rongeurs.<\/h3>\n<\/div><div class=\"fusion-clearfix\"><\/div><\/div><\/div><div class=\"fusion-layout-column fusion_builder_column fusion-builder-column-5 fusion_builder_column_1_4 1_4 fusion-one-fourth\" style=\"--awb-padding-top:10px;--awb-padding-right:5px;--awb-padding-bottom:10px;--awb-padding-left:5px;--awb-bg-color:#dcf7ec;--awb-bg-color-hover:#dcf7ec;--awb-bg-size:cover;width:25%;width:calc(25% - ( ( 4% + 4% ) * 0.25 ) );margin-right: 4%;\"><div class=\"fusion-column-wrapper fusion-flex-column-wrapper-legacy\"><div class=\"fusion-text fusion-text-30\"><h3><strong>Le gel de silice compte une grande quantit\u00e9 de micropores qui absorbent l\u2019eau et toutes sortes d\u2019odeur de fa\u00e7on efficace.<\/strong><br \/>\n<strong> Apr\u00e8s gr\u00e2ce \u00e0 ses propri\u00e9t\u00e9s sp\u00e9ciales, son traitement et son raffinage, la liti\u00e8re en gel de silice est une nouvelle fa\u00e7on id\u00e9ale de traiter les d\u00e9jections des animaux de compagnie, en nettoyant ces d\u00e9chets avec de meilleures propri\u00e9t\u00e9s d\u2019antiseptiques que les autres liti\u00e8res pour chat.<\/strong><\/h3>\n<h3><strong>Avec une capacit\u00e9 d\u2019absorption forte et rapide, elle peut absorber compl\u00e8tement l\u2019urine du chat et des liquides dans les f\u00e8ces, en quelques secondes, en plus de l\u2019odeur. Elle peut emp\u00eacher les bact\u00e9ries de survivre afin que les animaux de compagnie puissent vivre dans un environnement propre et s\u00e9curitaire.<\/strong><\/h3>\n<\/div><div class=\"fusion-clearfix\"><\/div><\/div><\/div><div class=\"fusion-layout-column fusion_builder_column fusion-builder-column-6 fusion_builder_column_1_4 1_4 fusion-one-fourth fusion-column-last\" style=\"--awb-bg-color:#27357c;--awb-bg-color-hover:#27357c;--awb-bg-size:cover;width:25%;width:calc(25% - ( ( 4% + 4% ) * 0.25 ) );\"><div class=\"fusion-column-wrapper fusion-flex-column-wrapper-legacy\"><div class=\"fusion-sep-clear\"><\/div><div class=\"fusion-separator fusion-full-width-sep\" style=\"margin-left: auto;margin-right: auto;margin-top:10px;width:100%;\"><\/div><div class=\"fusion-sep-clear\"><\/div><div class=\"fusion-text fusion-text-31\"><h2 style=\"text-align: center;\"><\/h2>\n<h2 style=\"text-align: center;\"><span style=\"color: #78c4b1;\"><strong>TYPES<\/strong><\/span><\/h2>\n<\/div><div class=\"fusion-text fusion-text-32\"><h3 style=\"text-align: center;\"><span style=\"color: #ffffff;\"><span style=\"background-color: #78c4b1;\">\u00a0 \u00a0 \u00a0 \u00a0 \u00a0 CLUMPY\u00ae \u00a0 \u00a0 \u00a0 \u00a0 \u00a0<\/span><\/span><\/h3>\n<\/div><div class=\"fusion-text fusion-text-33\"><p style=\"text-align: center;\"><span style=\"color: #ffffff;\">Agglom\u00e9rante de 0,5 \u00e0 2,0 mm.<\/span><\/p>\n<\/div><div class=\"fusion-text fusion-text-34\"><h3 style=\"text-align: center;\"><span style=\"color: #ffffff;\"><span style=\"background-color: #78c4b1;\">\u00a0 \u00a0 \u00a0 \u00a0 \u00a0 \u00a0LENSY\u00ae \u00a0 \u00a0 \u00a0 \u00a0 \u00a0<\/span><\/span><\/h3>\n<\/div><div class=\"fusion-text fusion-text-35\"><p style=\"text-align: center;\"><span style=\"color: #ffffff;\">Semi-ronde de 0,5 \u00e0 4,0 mm.<\/span><\/p>\n<\/div><div class=\"fusion-text fusion-text-36\"><h3 style=\"text-align: center;\"><span style=\"color: #ffffff;\"><span style=\"background-color: #78c4b1;\">\u00a0 \u00a0 \u00a0 \u00a0 \u00a0 STONEY\u00ae \u00a0 \u00a0 \u00a0 \u00a0 \u00a0<\/span><\/span><\/h3>\n<\/div><div class=\"fusion-text fusion-text-37\"><p style=\"text-align: center;\"><span style=\"color: #ffffff;\">Gros cristaux de 1 \u00e0 8 mm<\/span><br \/>\n<span style=\"color: #ffffff;\">( 1-4 mm, 4-8 mm, 1-6 mm )<\/span><\/p>\n<\/div><div class=\"fusion-text fusion-text-38\"><h3 style=\"text-align: center;\"><span style=\"color: #ffffff;\"><span style=\"background-color: #78c4b1;\">\u00a0 \u00a0 \u00a0 \u00a0 \u00a0 \u00a0SANDY\u00ae \u00a0 \u00a0 \u00a0 \u00a0 \u00a0<\/span><\/span><\/h3>\n<\/div><div class=\"fusion-text fusion-text-39\"><p style=\"text-align: center;\"><span style=\"color: #ffffff;\">Fine ou Sucre de 0,5 \u00e0 2,0 mm.<\/span><\/p>\n<\/div><div class=\"fusion-text fusion-text-40\"><h3 style=\"text-align: center;\"><span style=\"color: #ffffff;\"><span style=\"background-color: #78c4b1;\">\u00a0 \u00a0 \u00a0 \u00a0 \u00a0 \u00a0PELLY\u00ae \u00a0 \u00a0 \u00a0 \u00a0 \u00a0<\/span><\/span><\/h3>\n<\/div><div class=\"fusion-text fusion-text-41\"><p style=\"text-align: center;\"><span style=\"color: #ffffff;\">Colonnaire de 0,5 \u00e0 3,0 mm.<\/span><\/p>\n<\/div><div class=\"fusion-text fusion-text-42\"><h2 style=\"text-align: center;\"><span style=\"color: #78c4b1;\"><strong>COULEURS<\/strong><\/span><\/h2>\n<p style=\"text-align: center;\"><span style=\"color: #ffffff;\">Transparent<br \/>\n<\/span><span style=\"color: #ffffff;\">Toutes les couleurs sont possibles<\/span><\/p>\n<\/div><div class=\"fusion-text fusion-text-43\"><h2 style=\"text-align: center;\"><span style=\"color: #78c4b1;\"><strong>SUPPLEMENTAIRES<\/strong><\/span><\/h2>\n<p style=\"text-align: center;\"><span style=\"color: #ffffff;\">Parfums, Anti-odeur, <\/span><br \/>\n<span style=\"color: #ffffff;\">Ph\u00e9romones, Indicateur de sant\u00e9<\/span><\/p>\n<\/div><div class=\"fusion-clearfix\"><\/div><\/div><\/div><\/div><\/div><div class=\"fusion-fullwidth fullwidth-box fusion-builder-row-4 fusion-parallax-none hundred-percent-fullwidth non-hundred-percent-height-scrolling\" style=\"--awb-border-radius-top-left:0px;--awb-border-radius-top-right:0px;--awb-border-radius-bottom-right:0px;--awb-border-radius-bottom-left:0px;--awb-padding-top:20px;--awb-padding-bottom:20px;--awb-background-image:url(&quot;https:\/\/sinchem-europe.com\/wp-content\/uploads\/2016\/12\/IMG_7016-e1485321951733.jpg&quot;);--awb-background-size:cover;--awb-flex-wrap:wrap;\" ><div class=\"fusion-builder-row fusion-row\"><div class=\"fusion-layout-column fusion_builder_column fusion-builder-column-7 fusion_builder_column_4_5 4_5 fusion-four-fifth fusion-column-first\" style=\"--awb-bg-size:cover;width:80%;width:calc(80% - ( ( 4% ) * 0.8 ) );margin-right: 4%;\"><div class=\"fusion-column-wrapper fusion-flex-column-wrapper-legacy\"><div class=\"fusion-text fusion-text-44\"><h1 style=\"text-align: center;\"><strong><span style=\"color: #ffffff;\">CARACTERISTIQUES TECHNIQUES<\/span><\/strong><\/h1>\n<\/div><div class=\"fusion-text fusion-text-45\"><p><img decoding=\"async\" class=\"alignnone size-full wp-image-12999\" src=\"https:\/\/sinchem-europe.com\/wp-content\/uploads\/2016\/12\/litiere.png\" alt=\"litiere\" width=\"1455\" height=\"904\" srcset=\"https:\/\/sinchem-europe.com\/wp-content\/uploads\/2016\/12\/litiere-200x124.png 200w, https:\/\/sinchem-europe.com\/wp-content\/uploads\/2016\/12\/litiere-300x186.png 300w, https:\/\/sinchem-europe.com\/wp-content\/uploads\/2016\/12\/litiere-400x249.png 400w, https:\/\/sinchem-europe.com\/wp-content\/uploads\/2016\/12\/litiere-600x373.png 600w, https:\/\/sinchem-europe.com\/wp-content\/uploads\/2016\/12\/litiere-768x477.png 768w, https:\/\/sinchem-europe.com\/wp-content\/uploads\/2016\/12\/litiere-800x497.png 800w, https:\/\/sinchem-europe.com\/wp-content\/uploads\/2016\/12\/litiere-1024x636.png 1024w, https:\/\/sinchem-europe.com\/wp-content\/uploads\/2016\/12\/litiere-1200x746.png 1200w, https:\/\/sinchem-europe.com\/wp-content\/uploads\/2016\/12\/litiere.png 1455w\" sizes=\"(max-width: 1455px) 100vw, 1455px\" \/><\/p>\n<\/div><div class=\"fusion-sep-clear\"><\/div><div class=\"fusion-separator fusion-full-width-sep\" style=\"margin-left: auto;margin-right: auto;width:100%;\"><\/div><div class=\"fusion-sep-clear\"><\/div><div class=\"fusion-clearfix\"><\/div><\/div><\/div><\/div><\/div><\/p>","protected":false},"excerpt":{"rendered":"","protected":false},"author":1,"featured_media":0,"parent":0,"menu_order":0,"comment_status":"closed","ping_status":"closed","template":"100-width.php","meta":{"footnotes":""},"aioseo_notices":[],"_links":{"self":[{"href":"https:\/\/sinchem-europe.com\/fr\/wp-json\/wp\/v2\/pages\/12389"}],"collection":[{"href":"https:\/\/sinchem-europe.com\/fr\/wp-json\/wp\/v2\/pages"}],"about":[{"href":"https:\/\/sinchem-europe.com\/fr\/wp-json\/wp\/v2\/types\/page"}],"author":[{"embeddable":true,"href":"https:\/\/sinchem-europe.com\/fr\/wp-json\/wp\/v2\/users\/1"}],"replies":[{"embeddable":true,"href":"https:\/\/sinchem-europe.com\/fr\/wp-json\/wp\/v2\/comments?post=12389"}],"version-history":[{"count":0,"href":"https:\/\/sinchem-europe.com\/fr\/wp-json\/wp\/v2\/pages\/12389\/revisions"}],"wp:attachment":[{"href":"https:\/\/sinchem-europe.com\/fr\/wp-json\/wp\/v2\/media?parent=12389"}],"curies":[{"name":"wp","href":"https:\/\/api.w.org\/{rel}","templated":true}]}}