{"id":12820,"date":"2017-01-10T20:11:34","date_gmt":"2017-01-10T19:11:34","guid":{"rendered":"https:\/\/sinchem-europe.com\/?page_id=12820"},"modified":"2017-07-09T10:53:45","modified_gmt":"2017-07-09T08:53:45","slug":"technical-terms","status":"publish","type":"page","link":"https:\/\/sinchem-europe.com\/fr\/technical-terms\/","title":{"rendered":"Caract\u00e9ristiques Techniques"},"content":{"rendered":"<p><div class=\"fusion-fullwidth fullwidth-box fusion-builder-row-2 nonhundred-percent-fullwidth non-hundred-percent-height-scrolling\" style=\"--awb-border-radius-top-left:0px;--awb-border-radius-top-right:0px;--awb-border-radius-bottom-right:0px;--awb-border-radius-bottom-left:0px;--awb-padding-top:20px;--awb-padding-bottom:20px;--awb-background-color:#78c4b1;--awb-flex-wrap:wrap;\" ><div class=\"fusion-builder-row fusion-row\"><div class=\"fusion-layout-column fusion_builder_column fusion-builder-column-2 fusion_builder_column_1_2 1_2 fusion-one-half fusion-column-first fusion-animated\" style=\"--awb-bg-position:center top;--awb-bg-size:cover;width:50%;width:calc(50% - ( ( 4% ) * 0.5 ) );margin-right: 4%;\" data-animationType=\"fadeInLeft\" data-animationDuration=\"0.3\" data-animationOffset=\"top-into-view\"><div class=\"fusion-column-wrapper fusion-flex-column-wrapper-legacy\"><div class=\"fusion-column-content-centered\"><div class=\"fusion-column-content\"><div class=\"fusion-text fusion-text-5\"><ol>\n<li><b>Zone de surface sp\u00e9cifique\u00a0: <\/b>Toute la zone superficielle d\u2019un gramme de silice, y compris \u00e0 l\u2019int\u00e9rieur de la zone micro pores et l\u2019ext\u00e9rieur. Unit\u00e9\u00a0: m2\/g<\/li>\n<li><b>Volume des pores\u00a0: <\/b>L\u2019ensemble \u00e0 l\u2019int\u00e9rieur du volume des pores d\u2019un gramme de silice. Unit\u00e9\u00a0: ml\/g<\/li>\n<li><b>Diam\u00e8tre des pores\u00a0: <\/b>Le diam\u00e8tre de l\u2019int\u00e9rieur du trou. Unit\u00e9\u00a0: \u00c5. Il a \u00e9t\u00e9 calcul\u00e9 en PV et sur une zone d\u00e9termin\u00e9e. 1nm = 10 \u00c5.<\/li>\n<li><b>Absorption\u00a0: <\/b>Sous une certaine humidit\u00e9 relative, combien de grammes de vapeur la silice peut absorber pour atteindre la saturation. Unit\u00e9\u00a0: %<\/li>\n<li><b>Masse volumique\u00a0: <\/b>Le poids de gel de silice divis\u00e9 par son volume. Unit\u00e9\u00a0: g\/L.<\/li>\n<li><b>pH <\/b><\/li>\n<li><b>R\u00e9sistance sp\u00e9cifique\u00a0: <\/b>C\u2019est la r\u00e9sistance de la solution dans 1cm. C\u2019est le degr\u00e9 de puret\u00e9 du gel de silice. A R\u00e9sistance sp\u00e9cifique sup\u00e9rieure, degr\u00e9 de puret\u00e9 sup\u00e9rieur. Unit\u00e9\u00a0: \u03a9.cm<\/li>\n<li><b>Absorption de l\u2019odeur. <\/b><\/li>\n<\/ol>\n<\/div><div class=\"fusion-sep-clear\"><\/div><div class=\"fusion-separator fusion-full-width-sep\" style=\"margin-left: auto;margin-right: auto;margin-top:50px;width:100%;\"><div class=\"fusion-separator-border sep-single sep-solid\" style=\"--awb-height:20px;--awb-amount:20px;border-color:#e0dede;border-top-width:1px;\"><\/div><\/div><div class=\"fusion-sep-clear\"><\/div><div class=\"fusion-text fusion-text-6\"><h1 style=\"text-align: center;\">Tableau d&rsquo;absorption par type de gel de silice<\/h1>\n<p><img decoding=\"async\" class=\"size-full wp-image-13001 aligncenter\" src=\"https:\/\/sinchem-europe.com\/wp-content\/uploads\/2017\/01\/ABC.png\" alt=\"ABC\" width=\"555\" height=\"450\" srcset=\"https:\/\/sinchem-europe.com\/wp-content\/uploads\/2017\/01\/ABC-200x162.png 200w, https:\/\/sinchem-europe.com\/wp-content\/uploads\/2017\/01\/ABC-300x243.png 300w, https:\/\/sinchem-europe.com\/wp-content\/uploads\/2017\/01\/ABC-400x324.png 400w, https:\/\/sinchem-europe.com\/wp-content\/uploads\/2017\/01\/ABC.png 555w\" sizes=\"(max-width: 555px) 100vw, 555px\" \/><\/p>\n<\/div><\/div><\/div><div class=\"fusion-clearfix\"><\/div><\/div><\/div><div class=\"fusion-layout-column fusion_builder_column fusion-builder-column-3 fusion_builder_column_1_2 1_2 fusion-one-half fusion-column-last\" style=\"--awb-bg-size:cover;width:50%;width:calc(50% - ( ( 4% ) * 0.5 ) );\"><div class=\"fusion-column-wrapper fusion-flex-column-wrapper-legacy\"><div class=\"fusion-text fusion-text-7\"><p><img decoding=\"async\" class=\"alignnone size-full wp-image-12991\" src=\"https:\/\/sinchem-europe.com\/wp-content\/uploads\/2017\/01\/shutterstock_410043964-e1485321740921.jpg\" alt=\"shutterstock_410043964\" width=\"1200\" height=\"800\" \/><\/p>\n<\/div><div class=\"fusion-sep-clear\"><\/div><div class=\"fusion-separator fusion-full-width-sep\" style=\"margin-left: auto;margin-right: auto;margin-top:70px;margin-bottom:70px;width:100%;\"><\/div><div class=\"fusion-sep-clear\"><\/div><div class=\"fusion-text fusion-text-8\"><ul>\n<li>\n<h3>Les gels de silice\u00a0de\u00a0Types B et C ( Liti\u00e8re pour chat ) ont une capacit\u00e9 de faible absorption en environnement d\u2019humidit\u00e9 inf\u00e9rieure \u00e0 65%\u00a0par rapport au Type A.<\/h3>\n<\/li>\n<li>\n<h3>Le gel de silice\u00a0de\u00a0Type C ( Liti\u00e8re pour chat ) a une capacit\u00e9 de faible absorption en environnement d\u2019humidit\u00e9 inf\u00e9rieure \u00e0 95%\u00a0par rapport au Type B.<\/h3>\n<\/li>\n<li>\n<h3>Le gel de silice de Type C a une haute capacit\u00e9 d\u2019absorption en environnement d\u2019humidit\u00e9 \u00e9lev\u00e9e de plus de 95% par rapport aux Type A et B.<\/h3>\n<\/li>\n<\/ul>\n<\/div><div class=\"fusion-clearfix\"><\/div><\/div><\/div><\/div><\/div><\/p>","protected":false},"excerpt":{"rendered":"","protected":false},"author":1,"featured_media":0,"parent":0,"menu_order":0,"comment_status":"closed","ping_status":"closed","template":"","meta":{"footnotes":""},"aioseo_notices":[],"_links":{"self":[{"href":"https:\/\/sinchem-europe.com\/fr\/wp-json\/wp\/v2\/pages\/12820"}],"collection":[{"href":"https:\/\/sinchem-europe.com\/fr\/wp-json\/wp\/v2\/pages"}],"about":[{"href":"https:\/\/sinchem-europe.com\/fr\/wp-json\/wp\/v2\/types\/page"}],"author":[{"embeddable":true,"href":"https:\/\/sinchem-europe.com\/fr\/wp-json\/wp\/v2\/users\/1"}],"replies":[{"embeddable":true,"href":"https:\/\/sinchem-europe.com\/fr\/wp-json\/wp\/v2\/comments?post=12820"}],"version-history":[{"count":0,"href":"https:\/\/sinchem-europe.com\/fr\/wp-json\/wp\/v2\/pages\/12820\/revisions"}],"wp:attachment":[{"href":"https:\/\/sinchem-europe.com\/fr\/wp-json\/wp\/v2\/media?parent=12820"}],"curies":[{"name":"wp","href":"https:\/\/api.w.org\/{rel}","templated":true}]}}