{"id":13576,"date":"2017-03-10T16:50:44","date_gmt":"2017-03-10T15:50:44","guid":{"rendered":"https:\/\/sinchem-europe.com\/?page_id=13576"},"modified":"2017-07-09T12:03:36","modified_gmt":"2017-07-09T10:03:36","slug":"sodium-silicate","status":"publish","type":"page","link":"https:\/\/sinchem-europe.com\/fr\/sodium-silicate\/","title":{"rendered":"Silicate de Sodium"},"content":{"rendered":"<p><div class=\"fusion-fullwidth fullwidth-box fusion-builder-row-2 nonhundred-percent-fullwidth non-hundred-percent-height-scrolling\" style=\"--awb-border-radius-top-left:0px;--awb-border-radius-top-right:0px;--awb-border-radius-bottom-right:0px;--awb-border-radius-bottom-left:0px;--awb-padding-top:0px;--awb-padding-bottom:20px;--awb-background-color:#78c4b1;--awb-flex-wrap:wrap;\" ><div class=\"fusion-builder-row fusion-row\"><div class=\"fusion-layout-column fusion_builder_column fusion-builder-column-1 fusion_builder_column_1_1 1_1 fusion-one-full fusion-column-first fusion-column-last\" style=\"--awb-padding-right:20px;--awb-bg-color:#78c4b1;--awb-bg-color-hover:#78c4b1;--awb-bg-size:cover;\"><div class=\"fusion-column-wrapper fusion-flex-column-wrapper-legacy\"><div class=\"fusion-builder-row fusion-builder-row-inner fusion-row\"><div class=\"fusion-layout-column fusion_builder_column_inner fusion-builder-nested-column-2 fusion_builder_column_inner_1_2 1_2 fusion-one-half fusion-column-first\" style=\"--awb-bg-size:cover;width:50%;width:calc(50% - ( ( 4% ) * 0.5 ) );margin-right: 4%;\"><div class=\"fusion-column-wrapper fusion-flex-column-wrapper-legacy\"><div class=\"fusion-text fusion-text-4\"><h3>Le <strong>silicate de sodium<\/strong>\u00a0est une substance chimique de formule Na2SiO3, inodore et tr\u00e8s soluble dans l&rsquo;eau. Le silicate de sodium se forme naturellement par r\u00e9action de la silice (dioxyde de silicium) avec le carbonate de sodium \u00e0 l&rsquo;\u00e9tat fondu. On le trouve sous deux formes principales: forme anhydre et forme hydrat\u00e9e, il est parfois qualifi\u00e9 de \u00ab <strong>verre liquide<\/strong> \u00bb.<\/h3>\n<\/div><div class=\"fusion-clearfix\"><\/div><\/div><\/div><div class=\"fusion-layout-column fusion_builder_column_inner fusion-builder-nested-column-3 fusion_builder_column_inner_1_2 1_2 fusion-one-half fusion-column-last\" style=\"--awb-padding-top:0px;--awb-padding-right:0px;--awb-padding-bottom:0px;--awb-padding-left:0px;--awb-bg-size:cover;width:50%;width:calc(50% - ( ( 4% ) * 0.5 ) );\"><div class=\"fusion-column-wrapper fusion-flex-column-wrapper-legacy\"><div class=\"fusion-text fusion-text-5\"><h3><strong>Usages<\/strong>: dans les ciments ; comme ignifugeant ; dans certains mat\u00e9riaux r\u00e9fractaires ;dans l&rsquo;industrie textile ; dans certains produits d&rsquo;entretien ; dans la transformation du bois ; dans l&rsquo;industrie m\u00e9tallurgique; dans certaines colles, peintures et produits de blanchiment ; pour la pr\u00e9paration de produits cosm\u00e9tiques ; dans l&rsquo;industrie automobile; dans l&rsquo;alimentation, comme additif alimentaire, alors r\u00e9glement\u00e9 sous le num\u00e9ro E550; comme \u00e9tanch\u00e9ifiant de r\u00e9paration en milieu liquide et chaud (il a ainsi \u00e9t\u00e9 en 2011 utilis\u00e9 pour boucher des fissures \u00e0 la suite de l&rsquo;accident de la centrale nucl\u00e9aire de Fukushima; etc&#8230;<\/h3>\n<\/div><div class=\"fusion-clearfix\"><\/div><\/div><\/div><\/div><div class=\"fusion-text fusion-text-6\"><p><img decoding=\"async\" class=\"alignnone wp-image-13888\" src=\"https:\/\/sinchem-europe.com\/wp-content\/uploads\/2017\/03\/sodium-silicate.jpg\" alt=\"\" width=\"376\" height=\"250\" srcset=\"https:\/\/sinchem-europe.com\/wp-content\/uploads\/2017\/03\/sodium-silicate-200x133.jpg 200w, https:\/\/sinchem-europe.com\/wp-content\/uploads\/2017\/03\/sodium-silicate-300x200.jpg 300w, https:\/\/sinchem-europe.com\/wp-content\/uploads\/2017\/03\/sodium-silicate-400x266.jpg 400w, https:\/\/sinchem-europe.com\/wp-content\/uploads\/2017\/03\/sodium-silicate-600x399.jpg 600w, https:\/\/sinchem-europe.com\/wp-content\/uploads\/2017\/03\/sodium-silicate-768x511.jpg 768w, https:\/\/sinchem-europe.com\/wp-content\/uploads\/2017\/03\/sodium-silicate-800x532.jpg 800w, https:\/\/sinchem-europe.com\/wp-content\/uploads\/2017\/03\/sodium-silicate.jpg 1000w\" sizes=\"(max-width: 376px) 100vw, 376px\" \/>\u00a0 \u00a0 \u00a0 \u00a0<img decoding=\"async\" class=\"alignnone wp-image-13494 size-full\" src=\"https:\/\/sinchem-europe.com\/wp-content\/uploads\/2017\/02\/Mines08-e1487693038927.png\" alt=\"\" width=\"367\" height=\"250\" \/>\u00a0 \u00a0 \u00a0 \u00a0<img decoding=\"async\" class=\"alignnone wp-image-13597\" src=\"https:\/\/sinchem-europe.com\/wp-content\/uploads\/2017\/03\/Image2.png\" alt=\"\" width=\"274\" height=\"250\" srcset=\"https:\/\/sinchem-europe.com\/wp-content\/uploads\/2017\/03\/Image2-200x182.png 200w, https:\/\/sinchem-europe.com\/wp-content\/uploads\/2017\/03\/Image2.png 249w\" sizes=\"(max-width: 274px) 100vw, 274px\" \/><\/p>\n<\/div><div class=\"fusion-clearfix\"><\/div><\/div><\/div><\/div><\/div><\/p>","protected":false},"excerpt":{"rendered":"","protected":false},"author":2,"featured_media":0,"parent":0,"menu_order":0,"comment_status":"closed","ping_status":"closed","template":"100-width.php","meta":{"footnotes":""},"aioseo_notices":[],"_links":{"self":[{"href":"https:\/\/sinchem-europe.com\/fr\/wp-json\/wp\/v2\/pages\/13576"}],"collection":[{"href":"https:\/\/sinchem-europe.com\/fr\/wp-json\/wp\/v2\/pages"}],"about":[{"href":"https:\/\/sinchem-europe.com\/fr\/wp-json\/wp\/v2\/types\/page"}],"author":[{"embeddable":true,"href":"https:\/\/sinchem-europe.com\/fr\/wp-json\/wp\/v2\/users\/2"}],"replies":[{"embeddable":true,"href":"https:\/\/sinchem-europe.com\/fr\/wp-json\/wp\/v2\/comments?post=13576"}],"version-history":[{"count":0,"href":"https:\/\/sinchem-europe.com\/fr\/wp-json\/wp\/v2\/pages\/13576\/revisions"}],"wp:attachment":[{"href":"https:\/\/sinchem-europe.com\/fr\/wp-json\/wp\/v2\/media?parent=13576"}],"curies":[{"name":"wp","href":"https:\/\/api.w.org\/{rel}","templated":true}]}}