{"id":14398,"date":"2017-09-29T14:16:10","date_gmt":"2017-09-29T12:16:10","guid":{"rendered":"https:\/\/sinchem-europe.com\/?page_id=14398"},"modified":"2017-11-13T19:02:21","modified_gmt":"2017-11-13T18:02:21","slug":"mentions-legales-2","status":"publish","type":"page","link":"https:\/\/sinchem-europe.com\/fr\/mentions-legales-2\/","title":{"rendered":"Mentions l\u00e9gales"},"content":{"rendered":"<p><\/p>\n<h1>Mentions L\u00e9gales<\/h1>\n<h2>1. Pr\u00e9sentation de notre site web<\/h2>\n<p>Conform\u00e9ment \u00e0 la loi n\u00b0 2004-2005 du 21 juin 2004 pour la confiance dans l&rsquo;\u00e9conomie num\u00e9rique, notre site web cr\u00e9\u00e9 par <a title=\"Sinchem Europe\" href=\"https:\/\/sinchem-europe.com\">Sinchem Europe<\/a>, propri\u00e9taire du site <a title=\"Sinchem Europe\" href=\"https:\/\/sinchem-europe.com\">sinchem-europe.com<\/a>, met \u00e0 disposition du public les informations concernant notre entreprise.<br \/>\nEventuellement modifiables, nous vous invitons donc \u00e0 consulter nos mentions l\u00e9gales le plus souvent possible, de mani\u00e8re \u00e0 en prendre connaissance fr\u00e9quemment<\/p>\n<p>Le site <a title=\"Sinchem Europe\" href=\"https:\/\/sinchem-europe.com\">sinchem-europe.com<\/a> appartient \u00e0 Sinchem Europe &#8211; SASU, dont le si\u00e8ge social est situ\u00e9 \u00e0 l&rsquo;adresse suivante : 16 rue des juifs 67000 Strasbourg.<br \/>\nPersonne physique ou morale, Guy Chavarria est responsable de la publication, dont l&rsquo;adresse e-mail est la suivante : <a href=\"mailto:Guy Chavarria\">Guy Chavarria<\/a><\/p>\n<p>Le webmaster, Guy Chavarria, est responsable de l&rsquo;administration du site, dont l&rsquo;adresse e-mail est la suivante : <a href=\"mailto:guychavarria@sinchem.net\">guychavarria@sinchem.net<\/a>.<\/p>\n<p>Le site <a title=\"Sinchem Europe\" href=\"https:\/\/sinchem-europe.com\">sinchem-europe.com<\/a> est h\u00e9berg\u00e9 par OVH, dont le si\u00e8ge social est localis\u00e9 \u00e0 l&rsquo;adresse suivante : 2 rue Kellermann &#8211; 59100 Roubaix &#8211; France.<\/p>\n<p><b>D\u00e9veloppement<\/b><b> : <\/b><\/p>\n<p>Thierry CRAVERO<br \/>\nAdresse : 7 Bis impasse du man\u00e8ge, 74200 Thonon\u00a0les bains<br \/>\nSite Web : <a href=\"https:\/\/www.thierrycravero.com\">www.thierrycravero.com<\/a><\/p>\n<h2>2. Conditions g\u00e9n\u00e9rales d\u2019utilisation du site et des services propos\u00e9s.<\/h2>\n<p>En utilisant notre site web <a title=\"Sinchem Europe\" href=\"https:\/\/sinchem-europe.com\">sinchem-europe.com<\/a>, vous acceptez pleinement et enti\u00e8rement les conditions g\u00e9n\u00e9rales d&rsquo;utilisation pr\u00e9cis\u00e9es dans nos mentions l\u00e9gales. Accessible \u00e0 tout type de visiteurs, il est important de pr\u00e9ciser toutefois qu&rsquo;une interruption pour maintenance du site web peut-\u00eatre d\u00e9cid\u00e9e par Sinchem Europe. Les dates et heures d&rsquo;interruptions seront n\u00e9anmoins pr\u00e9cis\u00e9es \u00e0 l&rsquo;avance aux utilisateurs.<\/p>\n<h2>3. Les produits ou services propos\u00e9s par <a title=\"Sinchem Europe\" href=\"https:\/\/sinchem-europe.com\">sinchem-europe.com<\/a><\/h2>\n<p>En accord avec sa politique de communication, le site <a title=\"Sinchem Europe\" href=\"https:\/\/sinchem-europe.com\">sinchem-europe.com<\/a> a pour vocation d&rsquo;informer les utilisateurs sur les services propos\u00e9s par Sinchem Europe, qui s&rsquo;efforce alors de fournir des informations pr\u00e9cises sur son activit\u00e9. Cependant, des inexactitudes ou des omissions peuvent exister : la soci\u00e9t\u00e9 ne pourra en aucun cas \u00eatre tenue pour responsable pour toute erreur pr\u00e9sente sur le site <a title=\"Sinchem Europe\" href=\"https:\/\/sinchem-europe.com\">sinchem-europe.com<\/a>.<\/p>\n<h2>4. Limitations contractuelles<\/h2>\n<p>Les informations retranscrites sur notre site web <a title=\"Sinchem Europe\" href=\"https:\/\/sinchem-europe.com\">sinchem-europe.com<\/a> font l\u2019objet de d\u00e9marches qualitatives, en vue de nous assurer de leur fiabilit\u00e9. Cependant, nous ne pourrons encourir de responsabilit\u00e9s en cas d\u2019inexactitudes techniques lors de nos explications.<br \/>\nSi vous constatez une erreur concernant des informations que nous auront pu omettre, n\u2019h\u00e9sitez pas \u00e0 nous le signaler par mail \u00e0 <a href=\"mailto:Guy Chavarria\">Guy Chavarria<\/a>.<\/p>\n<p>Les liens reli\u00e9s directement ou indirectement \u00e0 notre site web <a title=\"Sinchem Europe\" href=\"https:\/\/sinchem-europe.com\">sinchem-europe.com<\/a> ne sont pas sous le contr\u00f4le de notre soci\u00e9t\u00e9. Par cons\u00e9quent, nous ne pouvons nous assurer de l\u2019exactitude des informations pr\u00e9sentes sur ces autres sites Internet.<\/p>\n<p>Utilisant la technologie JavaScript, le site <a title=\"Sinchem Europe\" href=\"https:\/\/sinchem-europe.com\">sinchem-europe.com<\/a> ne pourra \u00eatre tenu pour responsable en cas de dommages mat\u00e9riels li\u00e9s \u00e0 son utilisation. Par ailleurs, toute autre type de cons\u00e9quence li\u00e9e \u00e0 l&rsquo;exploitation du site <a title=\"Sinchem Europe\" href=\"https:\/\/sinchem-europe.com\">sinchem-europe.com<\/a>, qu&rsquo;elle soit direct ou indirect (bug, incompatibilit\u00e9, virus, perte de march\u00e9, etc.).<\/p>\n<h2>5. Propri\u00e9t\u00e9 intellectuelle et contenu du site Internet<\/h2>\n<p>Le contenu r\u00e9dactionnel du site web <a title=\"Sinchem Europe\" href=\"https:\/\/sinchem-europe.com\">sinchem-europe.com<\/a> appartient exclusivement \u00e0 Sinchem Europe. Toute violation des droits d\u2019auteur est sanctionn\u00e9e par l\u2019article L.335-2 du Code de la Propri\u00e9t\u00e9 Intellectuelle, avec une peine encourue de 2 ans d\u2019emprisonnement et de 150 000\u20ac d\u2019amende<\/p>\n<p>Le site <a title=\"Sinchem Europe\" href=\"https:\/\/sinchem-europe.com\">sinchem-europe.com<\/a> ne pourra \u00eatre mis en cause en cas de propos injurieux, \u00e0 caract\u00e8re raciste, diffamant ou pornographique, \u00e9chang\u00e9s sur les espaces interactifs. La soci\u00e9t\u00e9 se r\u00e9serve \u00e9galement le droit de supprimer tout contenu contraire aux valeurs de l&rsquo;entreprise ou \u00e0 la l\u00e9gislation applicable en France.<\/p>\n<p>En naviguant sur le site <a title=\"Sinchem Europe\" href=\"https:\/\/sinchem-europe.com\">sinchem-europe.com<\/a>, l&rsquo;utilisateur accepte \u00e9galement l&rsquo;installation de cookies \u00e9ventuelle sur son ordinateur.<\/p>\n<h2>6. Donn\u00e9es personnelles, respect de votre vie priv\u00e9e et de vos libert\u00e9s<\/h2>\n<p>Toute informations recueillie sur le site web <a title=\"Sinchem Europe\" href=\"https:\/\/sinchem-europe.com\">sinchem-europe.com<\/a> se font dans le cadre des besoins li\u00e9s \u00e0 l&rsquo;utilisation de notre plateforme, tels que le formulaire de commande ou la demande d&rsquo;inscription \u00e0 la Newsletter. Par ailleurs, le d\u00e9sabonnement de la Newsletter se fait gr\u00e2ce au lien situ\u00e9 en pied de page.<br \/>\nSinchem Europe s&rsquo;engage \u00e0 ne c\u00e9der en aucun cas les informations concernant les utilisateurs du site Internet, de quelque fa\u00e7on qu&rsquo;il soit (vente, \u00e9change, pr\u00eat, location, don).<\/p>\n<p>Conform\u00e9ment \u00e0 la loi \u00ab informatique et libert\u00e9s \u00bb du 6 janvier 1978 modifi\u00e9e en 2004, l\u2019utilisateur b\u00e9n\u00e9ficie d\u2019un droit d\u2019acc\u00e8s et de rectification aux informations le concernant, droit qu\u2019il peut exercer \u00e0 tout moment en adressant un mail \u00e0 l\u2019adresse <a href=\"mailto:guychavarria@sinchem.net\">guychavarria@sinchem.net<\/a>, ou en effectuant sa demande par courrier, \u00e0 l\u2019adresse suivante : 16 rue des juifs 67000 Strasbourg.<\/p>\n<h2>7. Droit applicable et lois concern\u00e9es<\/h2>\n<p>Soumis au droit fran\u00e7ais, le site web <a title=\"Sinchem Europe\" href=\"https:\/\/sinchem-europe.com\">sinchem-europe.com<\/a> est encadr\u00e9 par la loi n\u00b0 2004-2005 du 21 juin 2004 pour la confiance dans l&rsquo;\u00e9conomie num\u00e9rique, l\u2019article L.335-2 du Code de la Propri\u00e9t\u00e9 Intellectuelle et la loi \u00ab informatique et libert\u00e9s \u00bb du 6 janvier 1978 modifi\u00e9e en 2004.<\/p>","protected":false},"excerpt":{"rendered":"<p>Mentions L\u00e9gales 1. Pr\u00e9sentation de notre site web Conform\u00e9ment \u00e0 la loi n\u00b0 2004-2005 du 21 juin 2004 pour la confiance dans l&rsquo;\u00e9conomie num\u00e9rique, notre site web cr\u00e9\u00e9 par Sinchem Europe, propri\u00e9taire du site sinchem-europe.com, met \u00e0 disposition du public les informations concernant notre entreprise. Eventuellement modifiables, nous vous invitons donc \u00e0 consulter nos mentions l\u00e9gales  [&#8230;]<\/p>\n","protected":false},"author":1,"featured_media":0,"parent":0,"menu_order":0,"comment_status":"closed","ping_status":"closed","template":"","meta":{"footnotes":""},"aioseo_notices":[],"_links":{"self":[{"href":"https:\/\/sinchem-europe.com\/fr\/wp-json\/wp\/v2\/pages\/14398"}],"collection":[{"href":"https:\/\/sinchem-europe.com\/fr\/wp-json\/wp\/v2\/pages"}],"about":[{"href":"https:\/\/sinchem-europe.com\/fr\/wp-json\/wp\/v2\/types\/page"}],"author":[{"embeddable":true,"href":"https:\/\/sinchem-europe.com\/fr\/wp-json\/wp\/v2\/users\/1"}],"replies":[{"embeddable":true,"href":"https:\/\/sinchem-europe.com\/fr\/wp-json\/wp\/v2\/comments?post=14398"}],"version-history":[{"count":0,"href":"https:\/\/sinchem-europe.com\/fr\/wp-json\/wp\/v2\/pages\/14398\/revisions"}],"wp:attachment":[{"href":"https:\/\/sinchem-europe.com\/fr\/wp-json\/wp\/v2\/media?parent=14398"}],"curies":[{"name":"wp","href":"https:\/\/api.w.org\/{rel}","templated":true}]}}