{"id":14398,"date":"2017-09-29T14:16:10","date_gmt":"2017-09-29T12:16:10","guid":{"rendered":"https:\/\/sinchem-europe.com\/?page_id=14398"},"modified":"2017-11-13T19:02:21","modified_gmt":"2017-11-13T18:02:21","slug":"mentions-legales-2","status":"publish","type":"page","link":"https:\/\/sinchem-europe.com\/zh\/mentions-legales-2\/","title":{"rendered":"Mentions l\u00e9gales"},"content":{"rendered":"<p>Mentions L\u00e9gales<br \/>\n1. Pr\u00e9sentation de notre site web<br \/>\nConform\u00e9ment \u00e0 la loi n\u00b0 2004-2005 du 21 juin 2004 pour la confiance dans l&#8217;\u00e9conomie<br \/>\nnum\u00e9rique, notre site web cr\u00e9\u00e9 par Sinchem Europe, propri\u00e9taire du site sinchemeurope.com,<br \/>\nmet \u00e0 disposition du public les informations concernant notre entreprise.<br \/>\nEventuellement modifiables, nous vous invitons donc \u00e0 consulter nos mentions l\u00e9gales le<br \/>\nplus souvent possible, de mani\u00e8re \u00e0 en prendre connaissance fr\u00e9quemment<br \/>\nLe site sinchem-europe.com appartient \u00e0 Sinchem Europe &#8211; SASU, dont le si\u00e8ge social<br \/>\nest situ\u00e9 \u00e0 l&#8217;adresse suivante : 16 rue des juifs 67000 Strasbourg.<br \/>\nGuy Chavarria est responsable de la publication, dont l&#8217;adresse e-mail est la suivante :<br \/>\nGuy Chavarria<br \/>\nLe webmaster, Guy Chavarria, est responsable de l&#8217;administration du site, dont<br \/>\nl&#8217;adresse e-mail est la suivante : guychavarria@sinchem.net.<br \/>\nLe site sinchem-europe.com est h\u00e9berg\u00e9 par OVH, dont le si\u00e8ge social est localis\u00e9 \u00e0<br \/>\nl&#8217;adresse suivante : 2 rue Kellermann &#8211; 59100 Roubaix &#8211; France.<br \/>\n2. Conditions g\u00e9n\u00e9rales d\u2019utilisation du site et des services<br \/>\npropos\u00e9s.<br \/>\nEn utilisant notre site web sinchem-europe.com, vous acceptez pleinement et<br \/>\nenti\u00e8rement les conditions g\u00e9n\u00e9rales d&#8217;utilisation pr\u00e9cis\u00e9es dans nos mentions l\u00e9gales.<br \/>\nAccessible \u00e0 tout type de visiteurs, il est important de pr\u00e9ciser toutefois qu&#8217;une<br \/>\ninterruption pour maintenance du site web peut-\u00eatre d\u00e9cid\u00e9e par Sinchem Europe. Les<br \/>\ndates et heures d&#8217;interruptions seront n\u00e9anmoins pr\u00e9cis\u00e9es \u00e0 l&#8217;avance aux utilisateurs.<br \/>\n3. Les produits ou services propos\u00e9s par sinchemeurope.com<br \/>\nEn accord avec sa politique de communication, le site sinchem-europe.com a pour<br \/>\nvocation d&#8217;informer les utilisateurs sur les services propos\u00e9s par Sinchem Europe, qui<br \/>\ns&#8217;efforce alors de fournir des informations pr\u00e9cises sur son activit\u00e9. Cependant, des<br \/>\ninexactitudes ou des omissions peuvent exister : la soci\u00e9t\u00e9 ne pourra en aucun cas \u00eatre<br \/>\ntenue pour responsable pour toute erreur pr\u00e9sente sur le site sinchem-europe.com.<br \/>\n4. Limitations contractuelles<br \/>\nLes informations retranscrites sur notre site web sinchem-europe.com font l\u2019objet de<br \/>\nd\u00e9marches qualitatives, en vue de nous assurer de leur fiabilit\u00e9. Cependant, nous ne<br \/>\npourrons encourir de responsabilit\u00e9s en cas d\u2019inexactitudes techniques lors de nos<br \/>\nexplications.<br \/>\nSi vous constatez une erreur concernant des informations que nous auront pu omettre,<br \/>\nn\u2019h\u00e9sitez pas \u00e0 nous le signaler par mail \u00e0 Guy Chavarria.<br \/>\nLes liens reli\u00e9s directement ou indirectement \u00e0 notre site web sinchem-europe.com ne<br \/>\nsont pas sous le contr\u00f4le de notre soci\u00e9t\u00e9. Par cons\u00e9quent, nous ne pouvons nous assurer<br \/>\nde l\u2019exactitude des informations pr\u00e9sentes sur ces autres sites Internet.<br \/>\nUtilisant la technologie JavaScript, le site sinchem-europe.com ne pourra \u00eatre tenu pour<br \/>\nresponsable en cas de dommages mat\u00e9riels li\u00e9s \u00e0 son utilisation. Par ailleurs, toute autre<br \/>\ntype de cons\u00e9quence li\u00e9e \u00e0 l&#8217;exploitation du site sinchem-europe.com, qu&#8217;elle soit direct<br \/>\nou indirect (bug, incompatibilit\u00e9, virus, perte de march\u00e9, etc.).<br \/>\n5. Propri\u00e9t\u00e9 intellectuelle et contenu du site Internet<br \/>\nLe contenu r\u00e9dactionnel du site web sinchem-europe.com appartient exclusivement \u00e0<br \/>\nSinchem Europe. Toute violation des droits d\u2019auteur est sanctionn\u00e9e par l\u2019article L.335-<br \/>\n2 du Code de la Propri\u00e9t\u00e9 Intellectuelle, avec une peine encourue de 2 ans<br \/>\nd\u2019emprisonnement et de 150 000\u20ac d\u2019amende<br \/>\nLe site sinchem-europe.com ne pourra \u00eatre mis en cause en cas de propos injurieux, \u00e0<br \/>\ncaract\u00e8re raciste, diffamant ou pornographique, \u00e9chang\u00e9s sur les espaces interactifs. La<br \/>\nsoci\u00e9t\u00e9 se r\u00e9serve \u00e9galement le droit de supprimer tout contenu contraire aux valeurs de<br \/>\nl&#8217;entreprise ou \u00e0 la l\u00e9gislation applicable en France.<br \/>\nEn naviguant sur le site sinchem-europe.com, l&#8217;utilisateur accepte \u00e9galement<br \/>\nl&#8217;installation de cookies \u00e9ventuelle sur son ordinateur.<br \/>\n6. Donn\u00e9es personnelles, respect de votre vie priv\u00e9e et de<br \/>\nvos libert\u00e9s<br \/>\nToutes les informations recueillies sur le site web https:\/\/sinchem-europe.com se font<br \/>\ndans le cadre des besoins li\u00e9s \u00e0 l&#8217;utilisation de notre plateforme, tels que le formulaire de<br \/>\ncommande ou la demande d&#8217;inscription \u00e0 la Newsletter. Par ailleurs, le d\u00e9sabonnement<br \/>\nde la Newsletter se fait gr\u00e2ce au lien situ\u00e9 en pied de page.<br \/>\nSinchem Europe s&#8217;engage \u00e0 ne c\u00e9der en aucun cas les informations concernant les<br \/>\nutilisateurs du site Internet, de quelque fa\u00e7on qu&#8217;il soit (vente, \u00e9change, pr\u00eat, location,<br \/>\ndon).<br \/>\nConform\u00e9ment \u00e0 la loi \u00ab informatique et libert\u00e9s \u00bb du 6 janvier 1978 modifi\u00e9e en 2004,<br \/>\nl\u2019utilisateur b\u00e9n\u00e9ficie d\u2019un droit d\u2019acc\u00e8s et de rectification aux informations le<br \/>\nconcernant, droit qu\u2019il peut exercer \u00e0 tout moment en adressant un mail \u00e0 l\u2019adresse<br \/>\nguychavarria@sinchem.net, ou en effectuant sa demande par courrier, \u00e0 l\u2019adresse<br \/>\nsuivante : 16 rue des juifs 67000 Strasbourg.<br \/>\n7. Droit applicable et lois concern\u00e9es<br \/>\nSoumis au droit fran\u00e7ais, le site web sinchem-europe.com est encadr\u00e9 par la loi n\u00b0 2004-<br \/>\n2005 du 21 juin 2004 pour la confiance dans l&#8217;\u00e9conomie num\u00e9rique, l\u2019article L.335-2 du<br \/>\nCode de la Propri\u00e9t\u00e9 Intellectuelle et la loi \u00ab informatique et libert\u00e9s \u00bb du 6 janvier 1978<br \/>\nmodifi\u00e9e en 2004.<\/p>","protected":false},"excerpt":{"rendered":"<p>Mentions L\u00e9gales 1. Pr\u00e9sentation de notre site web Confo  [&#8230;]<\/p>\n","protected":false},"author":1,"featured_media":0,"parent":0,"menu_order":0,"comment_status":"closed","ping_status":"closed","template":"","meta":{"footnotes":""},"aioseo_notices":[],"_links":{"self":[{"href":"https:\/\/sinchem-europe.com\/zh\/wp-json\/wp\/v2\/pages\/14398"}],"collection":[{"href":"https:\/\/sinchem-europe.com\/zh\/wp-json\/wp\/v2\/pages"}],"about":[{"href":"https:\/\/sinchem-europe.com\/zh\/wp-json\/wp\/v2\/types\/page"}],"author":[{"embeddable":true,"href":"https:\/\/sinchem-europe.com\/zh\/wp-json\/wp\/v2\/users\/1"}],"replies":[{"embeddable":true,"href":"https:\/\/sinchem-europe.com\/zh\/wp-json\/wp\/v2\/comments?post=14398"}],"version-history":[{"count":0,"href":"https:\/\/sinchem-europe.com\/zh\/wp-json\/wp\/v2\/pages\/14398\/revisions"}],"wp:attachment":[{"href":"https:\/\/sinchem-europe.com\/zh\/wp-json\/wp\/v2\/media?parent=14398"}],"curies":[{"name":"wp","href":"https:\/\/api.w.org\/{rel}","templated":true}]}}